{"id":965,"date":"2017-02-08T20:19:38","date_gmt":"2017-02-08T20:19:38","guid":{"rendered":"https:\/\/www.horizontcare.de\/?page_id=965"},"modified":"2025-11-11T16:31:19","modified_gmt":"2025-11-11T15:31:19","slug":"pflege-im-norden","status":"publish","type":"page","link":"https:\/\/www.horizontcare.de\/?page_id=965","title":{"rendered":"Pflege im Norden"},"content":{"rendered":"\n<figure class=\"wp-block-image size-full has-custom-border\"><a href=\"https:\/\/www.horizontcare.de\/wp-content\/uploads\/2025\/11\/TZ9_3663_Presse_hfr_mit_Bildnachweis_Timon_Kronenberg.jpg\"><img loading=\"lazy\" decoding=\"async\" width=\"1000\" height=\"667\" src=\"https:\/\/www.horizontcare.de\/wp-content\/uploads\/2025\/11\/TZ9_3663_Presse_hfr_mit_Bildnachweis_Timon_Kronenberg.jpg\" alt=\"\" class=\"wp-image-4534\" style=\"border-radius:100px\" srcset=\"https:\/\/www.horizontcare.de\/wp-content\/uploads\/2025\/11\/TZ9_3663_Presse_hfr_mit_Bildnachweis_Timon_Kronenberg.jpg 1000w, https:\/\/www.horizontcare.de\/wp-content\/uploads\/2025\/11\/TZ9_3663_Presse_hfr_mit_Bildnachweis_Timon_Kronenberg-300x200.jpg 300w, https:\/\/www.horizontcare.de\/wp-content\/uploads\/2025\/11\/TZ9_3663_Presse_hfr_mit_Bildnachweis_Timon_Kronenberg-768x512.jpg 768w\" sizes=\"auto, (max-width: 1000px) 100vw, 1000px\" \/><\/a><\/figure>\n\n\n<p>Bundesweit gibt es 4,1 Millionen Pflegebed\u00fcrftige, von denen 20 Prozent vollstation\u00e4r in Heimen leben.* Mit 80 Prozent wird die Mehrheit jedoch zu Hause gepflegt. Von diesen 3,31 Millionen Pflegebed\u00fcrftigen werden mehr als 980.000 mithilfe oder vollst\u00e4ndig von ambulanten Pflegediensten versorgt. Die bundesweit rund 14.700 Pflegedienste betreuen im Schnitt 67 Patienten; private Tr\u00e4ger nur 53 Pflegebed\u00fcrftige.<\/p>\n<p>Mitte Dezember 2023 haben die ambulanten Pflegedienste in Schleswig-Holstein laut Statistikamt Nord rund 37.300 Personen versorgt, die Leistungen der Pflegeversicherung erhielten. Im Vergleich zur letzten Erhebung zwei Jahre entspreche dies einem Zuwachs von vier Prozent. Im mittelfristigen Vergleich zu 2019 betrage der Anstieg sogar 18 Prozent.<\/p>\n<p>Als ambulanter Pflegedienst unterst\u00fctzen wir Sie, dass Sie bzw. Ihre Angeh\u00f6rigen im Kreis Herzogtum Lauenburg so lange wie m\u00f6glich zu Hause versorgt werden. Lassen Sie sich von uns <a href=\"https:\/\/www.horizontcare.de\/?page_id=32\">unverbindlich beraten<\/a> oder lesen Sie die <a href=\"https:\/\/www.horizontcare.de\/?page_id=2398\">Antworten auf h\u00e4ufige Fragen<\/a>.<\/p>\n<p><em>*Pflegestatistik 2019 (ver\u00f6ffentlicht im Dezember 2020); sowie Meldung Statistikamt Nord vom 25.11.2024\u00a0<br \/><\/em><\/p>","protected":false},"excerpt":{"rendered":"<p>Bundesweit gibt es 4,1 Millionen Pflegebed\u00fcrftige, von denen 20 Prozent vollstation\u00e4r in Heimen leben.* Mit 80 Prozent wird die Mehrheit jedoch zu Hause gepflegt. Von diesen 3,31 Millionen Pflegebed\u00fcrftigen werden mehr als 980.000 mithilfe oder vollst\u00e4ndig von ambulanten Pflegediensten versorgt. Die bundesweit rund 14.700 Pflegedienste betreuen im Schnitt 67 Patienten; private Tr\u00e4ger nur 53 Pflegebed\u00fcrftige. [&hellip;]<\/p>\n","protected":false},"author":2,"featured_media":0,"parent":0,"menu_order":0,"comment_status":"closed","ping_status":"closed","template":"","meta":{"footnotes":""},"class_list":["post-965","page","type-page","status-publish","hentry"],"_links":{"self":[{"href":"https:\/\/www.horizontcare.de\/index.php?rest_route=\/wp\/v2\/pages\/965","targetHints":{"allow":["GET"]}}],"collection":[{"href":"https:\/\/www.horizontcare.de\/index.php?rest_route=\/wp\/v2\/pages"}],"about":[{"href":"https:\/\/www.horizontcare.de\/index.php?rest_route=\/wp\/v2\/types\/page"}],"author":[{"embeddable":true,"href":"https:\/\/www.horizontcare.de\/index.php?rest_route=\/wp\/v2\/users\/2"}],"replies":[{"embeddable":true,"href":"https:\/\/www.horizontcare.de\/index.php?rest_route=%2Fwp%2Fv2%2Fcomments&post=965"}],"version-history":[{"count":70,"href":"https:\/\/www.horizontcare.de\/index.php?rest_route=\/wp\/v2\/pages\/965\/revisions"}],"predecessor-version":[{"id":4535,"href":"https:\/\/www.horizontcare.de\/index.php?rest_route=\/wp\/v2\/pages\/965\/revisions\/4535"}],"wp:attachment":[{"href":"https:\/\/www.horizontcare.de\/index.php?rest_route=%2Fwp%2Fv2%2Fmedia&parent=965"}],"curies":[{"name":"wp","href":"https:\/\/api.w.org\/{rel}","templated":true}]}}