{"id":837,"date":"2017-01-17T18:17:52","date_gmt":"2017-01-17T18:17:52","guid":{"rendered":"https:\/\/www.horizontcare.de\/?page_id=837"},"modified":"2024-11-18T12:18:37","modified_gmt":"2024-11-18T11:18:37","slug":"pflegegrad-1","status":"publish","type":"page","link":"https:\/\/www.horizontcare.de\/?page_id=837","title":{"rendered":"Pflegegrad 1"},"content":{"rendered":"<p><strong>Leistungen bei Betreuung durch einen Pflegedienst<br \/>\n<\/strong>Ihre Anspr\u00fcche aus der gesetzlichen Pflegeversicherung ab 01.01.2025<\/p>\n<p><strong>1. Entlastungsbetrag <\/strong>(\u00a7 45b SGB XI):<strong> 131 Euro monatlich<br \/>\n<\/strong>z.B. Vorlesen aus der Zeitung, Begleitung beim Spazieren, Hilfe beim Reinigen und W\u00e4schewaschen sowie \u2013 nur bei Pflegegrad 1 \u2013 Hilfe bei der K\u00f6rperpflege<\/p>\n<p><strong>2. Pflegehilfsmittel <\/strong>(\u00a7 40 Abs. 1-3 SGB XI):<strong> 42 Euro monatlich<br \/>\n<\/strong>Pflegen neben einem Pflegedienst z.B. auch Angeh\u00f6rige, werden auf Antrag zus\u00e4tzlich die Kosten f\u00fcr sogenannte \u201ezum Verbrauch bestimmte Pflegehilfsmittel\u201c (z.B. Einmalhandschuhe, Desinfektionsmittel, Betteinlagen) in H\u00f6he von bis zu 42 Euro im Monat erstattet.<\/p>\n<p>TIPP:\u00a0<em>Technische Hilfsmittel wie Rollst\u00fchle, Rollatoren und Pflegebetten erhalten Sie \u00fcber ein \u00e4rztliches Rezept. Diese Hilfsmittel sind grunds\u00e4tzlich nicht in der H\u00f6he der Erstattung begrenzt, es k\u00f6nnen jedoch Zuzahlungen anfallen.<\/em><\/p>\n<p><strong>3. Wohnumfeldverbesserung <\/strong>(\u00a7 40 Abs. 4 SGB XI):\u00a0<strong>je bis 4.180 Euro<br \/>\n<\/strong>Auf Antrag wird die Verbesserung des Wohnumfelds mit Zusch\u00fcssen von bis zu 4.180\u00a0Euro je Ma\u00dfnahme unterst\u00fctzt. Bei weiteren Anspruchsberechtigten im Haushalt kann sich der Betrag auf bis zu 16.720 Euro pro Ma\u00dfnahme erh\u00f6hen. Hierzu z\u00e4hlen technische Hilfen im Haushalt (z.B. ein Treppenlift) und bauliche Ver\u00e4nderungen.<\/p>\n<p>Sie haben Fragen? <a href=\"https:\/\/www.horizontcare.de\/?page_id=32\">Wir beraten Sie gern<\/a>!<\/p>\n","protected":false},"excerpt":{"rendered":"<p>Leistungen bei Betreuung durch einen Pflegedienst Ihre Anspr\u00fcche aus der gesetzlichen Pflegeversicherung ab 01.01.2025 1. Entlastungsbetrag (\u00a7 45b SGB XI): 131 Euro monatlich z.B. Vorlesen aus der Zeitung, Begleitung beim Spazieren, Hilfe beim Reinigen und W\u00e4schewaschen sowie \u2013 nur bei Pflegegrad 1 \u2013 Hilfe bei der K\u00f6rperpflege 2. Pflegehilfsmittel (\u00a7 40 Abs. 1-3 SGB XI): [&hellip;]<\/p>\n","protected":false},"author":2,"featured_media":0,"parent":825,"menu_order":0,"comment_status":"closed","ping_status":"closed","template":"","meta":{"footnotes":""},"class_list":["post-837","page","type-page","status-publish","hentry"],"_links":{"self":[{"href":"https:\/\/www.horizontcare.de\/index.php?rest_route=\/wp\/v2\/pages\/837","targetHints":{"allow":["GET"]}}],"collection":[{"href":"https:\/\/www.horizontcare.de\/index.php?rest_route=\/wp\/v2\/pages"}],"about":[{"href":"https:\/\/www.horizontcare.de\/index.php?rest_route=\/wp\/v2\/types\/page"}],"author":[{"embeddable":true,"href":"https:\/\/www.horizontcare.de\/index.php?rest_route=\/wp\/v2\/users\/2"}],"replies":[{"embeddable":true,"href":"https:\/\/www.horizontcare.de\/index.php?rest_route=%2Fwp%2Fv2%2Fcomments&post=837"}],"version-history":[{"count":4,"href":"https:\/\/www.horizontcare.de\/index.php?rest_route=\/wp\/v2\/pages\/837\/revisions"}],"predecessor-version":[{"id":3689,"href":"https:\/\/www.horizontcare.de\/index.php?rest_route=\/wp\/v2\/pages\/837\/revisions\/3689"}],"up":[{"embeddable":true,"href":"https:\/\/www.horizontcare.de\/index.php?rest_route=\/wp\/v2\/pages\/825"}],"wp:attachment":[{"href":"https:\/\/www.horizontcare.de\/index.php?rest_route=%2Fwp%2Fv2%2Fmedia&parent=837"}],"curies":[{"name":"wp","href":"https:\/\/api.w.org\/{rel}","templated":true}]}}