{"id":834,"date":"2017-01-17T18:14:12","date_gmt":"2017-01-17T18:14:12","guid":{"rendered":"https:\/\/www.horizontcare.de\/?page_id=834"},"modified":"2025-07-03T10:40:17","modified_gmt":"2025-07-03T08:40:17","slug":"pflegegrad-5","status":"publish","type":"page","link":"https:\/\/www.horizontcare.de\/?page_id=834","title":{"rendered":"Pflegegrad 5"},"content":{"rendered":"<p><strong>Leistungen bei Betreuung durch einen Pflegedienst<br \/>\n<\/strong>Ihre Anspr\u00fcche aus der gesetzlichen Pflegeversicherung ab 01.01.2025<\/p>\n<p><strong>1. Pflegesachleistungen <\/strong>(\u00a7 36 SGB XI): <strong>mtl. 2.299 Euro<\/strong><strong><br \/>\n<\/strong><\/p>\n<ul>\n<li><em>k\u00f6rperbezogene Pflegema\u00dfnahmen<\/em>, z.B. Duschen, Toilettengang, An- und Ausziehen, zu Bett gehen, Lagern, Ern\u00e4hrung; <a href=\"https:\/\/www.horizontcare.de\/?page_id=820\">keine Behandlungspflege<\/a><\/li>\n<li><em>Hilfen bei der Haushaltsf\u00fchrung<\/em>, z.B. Reinigen, Waschen, Einkaufen<\/li>\n<li><em>pflegerische Betreuungsma\u00dfnahmen<\/em>, z.B. Vorlesen, gemeinsames Spielen, Hilfe beim Schreiben von Briefen<\/li>\n<li>\u00dcbersicht der <a href=\"https:\/\/www.horizontcare.de\/?p=2234\">neuen Leistungskomplexe<\/a> zum 01.09.2019<\/li>\n<\/ul>\n<p><strong>2. Entlastungsbetrag <\/strong>(\u00a7 45b SGB XI):<strong> 131 Euro monatlich<br \/>\n<\/strong>z.B. Vorlesen aus der Zeitung, Begleitung beim Spazieren, Hilfe beim Reinigen und W\u00e4schewaschen<\/p>\n<p><strong>3. Gemeinsamer Jahresbetrag: 3.539 Euro j\u00e4hrlich<br \/>\n<\/strong>Die Leistungsbetr\u00e4ge f\u00fcr die <strong>Verhinderungspflege<\/strong> gem. \u00a7 39 SGB XI und die <strong>Kurzzeitpflege<\/strong> gem. \u00a7 42 SGB XI wurden zum 01.07.2025 zum &#8222;gemeinsamen Jahresbetrag&#8220; zusammengef\u00fchrt. Pflegebed\u00fcrftigen mit mind. Pflegegrad 2 steht k\u00fcnftig f\u00fcr Verhinderungspflege und Kurzzeitpflege ein Gesamtleistungsbetrag von 3.539 Euro im Kalenderjahr zur Verf\u00fcgung.<\/p>\n<p><strong>4. Tages- und Nachtpflege <\/strong>(\u00a7 41 SGB XI):<strong> 2.085 Euro monatlich<br \/>\n<\/strong>Zus\u00e4tzlich zu den Pflegesachleistungen (siehe Punkt 1) \u00fcbernimmt die Pflegeversicherung die Kosten f\u00fcr den Besuch einer Einrichtung der Tages- und Nachtpflege in der angegebenen H\u00f6he.<\/p>\n<p><strong>5. Pflegehilfsmittel <\/strong>(\u00a7 40 Abs. 1-3 SGB XI):<strong> 42 Euro monatlich<br \/>\n<\/strong>Pflegen neben einem Pflegedienst z.B. auch Angeh\u00f6rige, werden auf Antrag zus\u00e4tzlich die Kosten f\u00fcr sogenannte \u201ezum Verbrauch bestimmte Pflegehilfsmittel\u201c (z.B. Einmalhandschuhe, Desinfektionsmittel, Betteinlagen) in H\u00f6he von bis zu 42 Euro im Monat erstattet.<\/p>\n<p>TIPP:\u00a0<em>Technische Hilfsmittel wie Rollst\u00fchle, Rollatoren und Pflegebetten erhalten Sie \u00fcber ein \u00e4rztliches Rezept. Diese Hilfsmittel sind grunds\u00e4tzlich nicht in der H\u00f6he der Erstattung begrenzt, es k\u00f6nnen jedoch Zuzahlungen anfallen.<\/em><\/p>\n<p><strong>7. Wohnumfeldverbesserung <\/strong>(\u00a7 40 Abs. 4 SGB XI): <strong>je bis 4.180 Euro<br \/>\n<\/strong>Auf Antrag wird die Verbesserung des Wohnumfelds mit Zusch\u00fcssen von bis zu 4.180 Euro je Ma\u00dfnahme unterst\u00fctzt. Bei weiteren Anspruchsberechtigten im Haushalt kann sich der Betrag auf bis zu 16.720 Euro pro Ma\u00dfnahme erh\u00f6hen. Hierzu z\u00e4hlen technische Hilfen im Haushalt (z.B. ein Treppenlift) und bauliche Ver\u00e4nderungen.<\/p>\n<p>Sie haben Fragen? <a href=\"https:\/\/www.horizontcare.de\/?page_id=32\">Wir beraten Sie gern<\/a>!<\/p>\n","protected":false},"excerpt":{"rendered":"<p>Leistungen bei Betreuung durch einen Pflegedienst Ihre Anspr\u00fcche aus der gesetzlichen Pflegeversicherung ab 01.01.2025 1. Pflegesachleistungen (\u00a7 36 SGB XI): mtl. 2.299 Euro k\u00f6rperbezogene Pflegema\u00dfnahmen, z.B. Duschen, Toilettengang, An- und Ausziehen, zu Bett gehen, Lagern, Ern\u00e4hrung; keine Behandlungspflege Hilfen bei der Haushaltsf\u00fchrung, z.B. Reinigen, Waschen, Einkaufen pflegerische Betreuungsma\u00dfnahmen, z.B. Vorlesen, gemeinsames Spielen, Hilfe beim Schreiben [&hellip;]<\/p>\n","protected":false},"author":2,"featured_media":0,"parent":825,"menu_order":0,"comment_status":"closed","ping_status":"closed","template":"","meta":{"footnotes":""},"class_list":["post-834","page","type-page","status-publish","hentry"],"_links":{"self":[{"href":"https:\/\/www.horizontcare.de\/index.php?rest_route=\/wp\/v2\/pages\/834","targetHints":{"allow":["GET"]}}],"collection":[{"href":"https:\/\/www.horizontcare.de\/index.php?rest_route=\/wp\/v2\/pages"}],"about":[{"href":"https:\/\/www.horizontcare.de\/index.php?rest_route=\/wp\/v2\/types\/page"}],"author":[{"embeddable":true,"href":"https:\/\/www.horizontcare.de\/index.php?rest_route=\/wp\/v2\/users\/2"}],"replies":[{"embeddable":true,"href":"https:\/\/www.horizontcare.de\/index.php?rest_route=%2Fwp%2Fv2%2Fcomments&post=834"}],"version-history":[{"count":10,"href":"https:\/\/www.horizontcare.de\/index.php?rest_route=\/wp\/v2\/pages\/834\/revisions"}],"predecessor-version":[{"id":4395,"href":"https:\/\/www.horizontcare.de\/index.php?rest_route=\/wp\/v2\/pages\/834\/revisions\/4395"}],"up":[{"embeddable":true,"href":"https:\/\/www.horizontcare.de\/index.php?rest_route=\/wp\/v2\/pages\/825"}],"wp:attachment":[{"href":"https:\/\/www.horizontcare.de\/index.php?rest_route=%2Fwp%2Fv2%2Fmedia&parent=834"}],"curies":[{"name":"wp","href":"https:\/\/api.w.org\/{rel}","templated":true}]}}