{"id":825,"date":"2017-01-17T18:06:22","date_gmt":"2017-01-17T18:06:22","guid":{"rendered":"https:\/\/www.horizontcare.de\/?page_id=825"},"modified":"2025-11-12T12:09:37","modified_gmt":"2025-11-12T11:09:37","slug":"pflegegrade","status":"publish","type":"page","link":"https:\/\/www.horizontcare.de\/?page_id=825","title":{"rendered":"Pflegegrade"},"content":{"rendered":"\n<figure class=\"wp-block-image size-full has-custom-border\"><a href=\"https:\/\/www.horizontcare.de\/wp-content\/uploads\/2025\/11\/TZ9_4575_Presse_hfr_mit_Bildnachweis_Timon_Kronenberg.jpg\"><img loading=\"lazy\" decoding=\"async\" width=\"1000\" height=\"667\" src=\"https:\/\/www.horizontcare.de\/wp-content\/uploads\/2025\/11\/TZ9_4575_Presse_hfr_mit_Bildnachweis_Timon_Kronenberg.jpg\" alt=\"\" class=\"wp-image-4526\" style=\"border-radius:100px\" srcset=\"https:\/\/www.horizontcare.de\/wp-content\/uploads\/2025\/11\/TZ9_4575_Presse_hfr_mit_Bildnachweis_Timon_Kronenberg.jpg 1000w, https:\/\/www.horizontcare.de\/wp-content\/uploads\/2025\/11\/TZ9_4575_Presse_hfr_mit_Bildnachweis_Timon_Kronenberg-300x200.jpg 300w, https:\/\/www.horizontcare.de\/wp-content\/uploads\/2025\/11\/TZ9_4575_Presse_hfr_mit_Bildnachweis_Timon_Kronenberg-768x512.jpg 768w\" sizes=\"auto, (max-width: 1000px) 100vw, 1000px\" \/><\/a><\/figure>\n\n\n<p>Hier k\u00f6nnen Sie sich \u00fcber Ihre aktuellen Anspr\u00fcche aus der gesetzlichen Pflegeversicherung informieren, sofern <a href=\"https:\/\/www.horizontcare.de\/?p=2234\">Leistungen von einem Pflegedienst<\/a> durchgef\u00fchrt werden.<\/p>\n<ul>\n<li><a href=\"https:\/\/www.horizontcare.de\/?page_id=837\">Pflegegrad 1<\/a><\/li>\n<li><a href=\"https:\/\/www.horizontcare.de\/?page_id=809\">Pflegegrad 2<\/a><\/li>\n<li><a href=\"https:\/\/www.horizontcare.de\/?page_id=829\">Pflegegrad 3<\/a><\/li>\n<li><a href=\"https:\/\/www.horizontcare.de\/?page_id=831\">Pflegegrad 4<\/a><\/li>\n<li><a href=\"https:\/\/www.horizontcare.de\/?page_id=834\">Pflegegrad 5<\/a><\/li>\n<\/ul>","protected":false},"excerpt":{"rendered":"<p>Hier k\u00f6nnen Sie sich \u00fcber Ihre aktuellen Anspr\u00fcche aus der gesetzlichen Pflegeversicherung informieren, sofern Leistungen von einem Pflegedienst durchgef\u00fchrt werden. Pflegegrad 1 Pflegegrad 2 Pflegegrad 3 Pflegegrad 4 Pflegegrad 5<\/p>\n","protected":false},"author":2,"featured_media":0,"parent":0,"menu_order":0,"comment_status":"closed","ping_status":"closed","template":"","meta":{"footnotes":""},"class_list":["post-825","page","type-page","status-publish","hentry"],"_links":{"self":[{"href":"https:\/\/www.horizontcare.de\/index.php?rest_route=\/wp\/v2\/pages\/825","targetHints":{"allow":["GET"]}}],"collection":[{"href":"https:\/\/www.horizontcare.de\/index.php?rest_route=\/wp\/v2\/pages"}],"about":[{"href":"https:\/\/www.horizontcare.de\/index.php?rest_route=\/wp\/v2\/types\/page"}],"author":[{"embeddable":true,"href":"https:\/\/www.horizontcare.de\/index.php?rest_route=\/wp\/v2\/users\/2"}],"replies":[{"embeddable":true,"href":"https:\/\/www.horizontcare.de\/index.php?rest_route=%2Fwp%2Fv2%2Fcomments&post=825"}],"version-history":[{"count":13,"href":"https:\/\/www.horizontcare.de\/index.php?rest_route=\/wp\/v2\/pages\/825\/revisions"}],"predecessor-version":[{"id":4548,"href":"https:\/\/www.horizontcare.de\/index.php?rest_route=\/wp\/v2\/pages\/825\/revisions\/4548"}],"wp:attachment":[{"href":"https:\/\/www.horizontcare.de\/index.php?rest_route=%2Fwp%2Fv2%2Fmedia&parent=825"}],"curies":[{"name":"wp","href":"https:\/\/api.w.org\/{rel}","templated":true}]}}