{"id":820,"date":"2017-01-17T18:00:54","date_gmt":"2017-01-17T18:00:54","guid":{"rendered":"https:\/\/www.horizontcare.de\/?page_id=820"},"modified":"2017-01-17T18:00:54","modified_gmt":"2017-01-17T18:00:54","slug":"abgrenzung","status":"publish","type":"page","link":"https:\/\/www.horizontcare.de\/?page_id=820","title":{"rendered":"Abgrenzung"},"content":{"rendered":"<p><strong>Leistungen der Krankenkasse<\/strong><strong><br \/>\n<\/strong>Die sogenannte Behandlungspflege nach \u00a7 37 SGB V wird nicht von den Leistungen der Pflegeversicherung abgezogen. F\u00fcr Behandlungspflege ist grunds\u00e4tzlich eine \u00e4rztliche Verordnung erforderlich, deren Anspruch die Krankenkasse pr\u00fcft. In der Regel werden die Kosten \u00fcbernommen. Hierzu z\u00e4hlen z.B. die Gabe von Medikamenten und Injektionen, das Wechseln von Verb\u00e4nden sowie das An- und Ausziehen von Kompressionsstr\u00fcmpfen.<\/p>\n","protected":false},"excerpt":{"rendered":"<p>Leistungen der Krankenkasse Die sogenannte Behandlungspflege nach \u00a7 37 SGB V wird nicht von den Leistungen der Pflegeversicherung abgezogen. F\u00fcr Behandlungspflege ist grunds\u00e4tzlich eine \u00e4rztliche Verordnung erforderlich, deren Anspruch die Krankenkasse pr\u00fcft. In der Regel werden die Kosten \u00fcbernommen. Hierzu z\u00e4hlen z.B. die Gabe von Medikamenten und Injektionen, das Wechseln von Verb\u00e4nden sowie das An- [&hellip;]<\/p>\n","protected":false},"author":2,"featured_media":0,"parent":0,"menu_order":0,"comment_status":"closed","ping_status":"closed","template":"","meta":{"footnotes":""},"class_list":["post-820","page","type-page","status-publish","hentry"],"_links":{"self":[{"href":"https:\/\/www.horizontcare.de\/index.php?rest_route=\/wp\/v2\/pages\/820","targetHints":{"allow":["GET"]}}],"collection":[{"href":"https:\/\/www.horizontcare.de\/index.php?rest_route=\/wp\/v2\/pages"}],"about":[{"href":"https:\/\/www.horizontcare.de\/index.php?rest_route=\/wp\/v2\/types\/page"}],"author":[{"embeddable":true,"href":"https:\/\/www.horizontcare.de\/index.php?rest_route=\/wp\/v2\/users\/2"}],"replies":[{"embeddable":true,"href":"https:\/\/www.horizontcare.de\/index.php?rest_route=%2Fwp%2Fv2%2Fcomments&post=820"}],"version-history":[{"count":2,"href":"https:\/\/www.horizontcare.de\/index.php?rest_route=\/wp\/v2\/pages\/820\/revisions"}],"predecessor-version":[{"id":822,"href":"https:\/\/www.horizontcare.de\/index.php?rest_route=\/wp\/v2\/pages\/820\/revisions\/822"}],"wp:attachment":[{"href":"https:\/\/www.horizontcare.de\/index.php?rest_route=%2Fwp%2Fv2%2Fmedia&parent=820"}],"curies":[{"name":"wp","href":"https:\/\/api.w.org\/{rel}","templated":true}]}}