{"id":790,"date":"2017-01-17T16:24:57","date_gmt":"2017-01-17T16:24:57","guid":{"rendered":"https:\/\/www.horizontcare.de\/?page_id=790"},"modified":"2025-11-11T16:23:59","modified_gmt":"2025-11-11T15:23:59","slug":"was-uns-auszeichnet","status":"publish","type":"page","link":"https:\/\/www.horizontcare.de\/?page_id=790","title":{"rendered":"Was uns auszeichnet"},"content":{"rendered":"\n<figure class=\"wp-block-image size-full has-custom-border is-style-rounded\"><a href=\"https:\/\/www.horizontcare.de\/wp-content\/uploads\/2025\/11\/TZ9_2990_Presse_hfr_mit_Bildnachweis_Timon_Kronenberg-1.jpg\"><img loading=\"lazy\" decoding=\"async\" width=\"1000\" height=\"667\" src=\"https:\/\/www.horizontcare.de\/wp-content\/uploads\/2025\/11\/TZ9_2990_Presse_hfr_mit_Bildnachweis_Timon_Kronenberg-1.jpg\" alt=\"\" class=\"wp-image-4513\" style=\"border-radius:100px\" srcset=\"https:\/\/www.horizontcare.de\/wp-content\/uploads\/2025\/11\/TZ9_2990_Presse_hfr_mit_Bildnachweis_Timon_Kronenberg-1.jpg 1000w, https:\/\/www.horizontcare.de\/wp-content\/uploads\/2025\/11\/TZ9_2990_Presse_hfr_mit_Bildnachweis_Timon_Kronenberg-1-300x200.jpg 300w, https:\/\/www.horizontcare.de\/wp-content\/uploads\/2025\/11\/TZ9_2990_Presse_hfr_mit_Bildnachweis_Timon_Kronenberg-1-768x512.jpg 768w\" sizes=\"auto, (max-width: 1000px) 100vw, 1000px\" \/><\/a><\/figure>\n\n\n<p>Alle zugelassenen Pflegedienste in Deutschland arbeiten unter den strengen Qualit\u00e4tsanforderungen des Medizinischen Dienstes (MD) und im wirtschaftlichen Rahmen der Leistungen der Pflege- und Krankenversicherung. Wenn aber der Korridor vorgegeben ist, was macht in der Pflegepraxis den Unterschied? Es sind die Menschen!<\/p>\n<p><strong>Nachweislich zufrieden<\/strong><br \/>Die kollegiale Art zu f\u00fchren, der stetige Wille zur Verbesserung und die besondere Flexibilit\u00e4t des familiengef\u00fchrten Pflegedienstes schaffen ein positives <a href=\"https:\/\/www.horizontcare.de\/?p=4143\">Arbeitsumfeld<\/a>, das f\u00fcr Zufriedenheit sorgt und sich auf das Wohl der Pflegebed\u00fcrftigen \u00fcbertr\u00e4gt. Unsere engagierten Mitarbeiter:innen erf\u00fcllen ihre Aufgabe mit gro\u00dfer Leidenschaft \u2013 und haben Spa\u00df dabei! 1oo Prozent der befragten Pflegekr\u00e4fte w\u00fcrden ihren Freunden und Bekannten HorizontCare als Arbeitgeber weiterempfehlen!* Wir sind au\u00dferdem <a href=\"https:\/\/www.horizontcare.de\/?p=3951\">nachweislich offen<\/a> f\u00fcr die Sorgen unserer Kund:innen und nehmen uns Zeit f\u00fcr die Pflege! Der MDK hat HorizontCare zuletzt viermal in Folge mit der <a href=\"https:\/\/www.horizontcare.de\/?p=4402\">Gesamtnote &#8222;sehr gut&#8220; (1,0)<\/a> bewertet.<\/p>\n<p><strong>Diskretion<br \/><\/strong>Untypisch f\u00fcr Pflegedienste nutzt HorizontCare seit jeher werbefreie Autos. Diese Diskretion kommt in der Region gut an. Es spornt uns an, dass nach 2021 auch 2025 weiterhin 97 Prozent unserer Kund:innen ihren Freunden und Bekannten HorizontCare <a href=\"https:\/\/www.horizontcare.de\/?p=3951\">weiterempfehlen w\u00fcrden<\/a>.**<\/p>\n<p>Weiterlesen: Die <a href=\"https:\/\/www.horizontcare.de\/?page_id=1209\">Vorteile<\/a> von HorizontCare.<\/p>\n<hr \/>\n<p>*<em>Teilnehmende Pflegekr\u00e4fte der anonymen Teambefragung im Mai 2025, Auspr\u00e4gung &#8222;ja&#8220;, n = 26<br \/><\/em><\/p>\n<p><em>** Teilnehmende der anonymen Kundenbefragung im April \/ Mai 2025, Smiley-System, Auspr\u00e4gung \u201e:-)\u201c, n = 96<br \/><\/em><\/p>","protected":false},"excerpt":{"rendered":"<p>Alle zugelassenen Pflegedienste in Deutschland arbeiten unter den strengen Qualit\u00e4tsanforderungen des Medizinischen Dienstes (MD) und im wirtschaftlichen Rahmen der Leistungen der Pflege- und Krankenversicherung. Wenn aber der Korridor vorgegeben ist, was macht in der Pflegepraxis den Unterschied? Es sind die Menschen! Nachweislich zufriedenDie kollegiale Art zu f\u00fchren, der stetige Wille zur Verbesserung und die besondere [&hellip;]<\/p>\n","protected":false},"author":2,"featured_media":0,"parent":166,"menu_order":0,"comment_status":"closed","ping_status":"closed","template":"","meta":{"footnotes":""},"class_list":["post-790","page","type-page","status-publish","hentry"],"_links":{"self":[{"href":"https:\/\/www.horizontcare.de\/index.php?rest_route=\/wp\/v2\/pages\/790","targetHints":{"allow":["GET"]}}],"collection":[{"href":"https:\/\/www.horizontcare.de\/index.php?rest_route=\/wp\/v2\/pages"}],"about":[{"href":"https:\/\/www.horizontcare.de\/index.php?rest_route=\/wp\/v2\/types\/page"}],"author":[{"embeddable":true,"href":"https:\/\/www.horizontcare.de\/index.php?rest_route=\/wp\/v2\/users\/2"}],"replies":[{"embeddable":true,"href":"https:\/\/www.horizontcare.de\/index.php?rest_route=%2Fwp%2Fv2%2Fcomments&post=790"}],"version-history":[{"count":63,"href":"https:\/\/www.horizontcare.de\/index.php?rest_route=\/wp\/v2\/pages\/790\/revisions"}],"predecessor-version":[{"id":4515,"href":"https:\/\/www.horizontcare.de\/index.php?rest_route=\/wp\/v2\/pages\/790\/revisions\/4515"}],"up":[{"embeddable":true,"href":"https:\/\/www.horizontcare.de\/index.php?rest_route=\/wp\/v2\/pages\/166"}],"wp:attachment":[{"href":"https:\/\/www.horizontcare.de\/index.php?rest_route=%2Fwp%2Fv2%2Fmedia&parent=790"}],"curies":[{"name":"wp","href":"https:\/\/api.w.org\/{rel}","templated":true}]}}