{"id":72,"date":"2012-03-02T21:57:42","date_gmt":"2012-03-02T21:57:42","guid":{"rendered":"http:\/\/s384029109.online.de\/?page_id=72"},"modified":"2025-11-11T16:30:11","modified_gmt":"2025-11-11T15:30:11","slug":"kooperationen-2","status":"publish","type":"page","link":"https:\/\/www.horizontcare.de\/?page_id=72","title":{"rendered":"Kooperationen"},"content":{"rendered":"\n<figure class=\"wp-block-image size-full has-custom-border\"><a href=\"https:\/\/www.horizontcare.de\/wp-content\/uploads\/2025\/11\/TZ9_2883_Presse_hfr_mit_Bildnachweis_Timon_Kronenberg-1.jpg\"><img loading=\"lazy\" decoding=\"async\" width=\"1000\" height=\"667\" src=\"https:\/\/www.horizontcare.de\/wp-content\/uploads\/2025\/11\/TZ9_2883_Presse_hfr_mit_Bildnachweis_Timon_Kronenberg-1.jpg\" alt=\"\" class=\"wp-image-4531\" style=\"border-radius:100px\" srcset=\"https:\/\/www.horizontcare.de\/wp-content\/uploads\/2025\/11\/TZ9_2883_Presse_hfr_mit_Bildnachweis_Timon_Kronenberg-1.jpg 1000w, https:\/\/www.horizontcare.de\/wp-content\/uploads\/2025\/11\/TZ9_2883_Presse_hfr_mit_Bildnachweis_Timon_Kronenberg-1-300x200.jpg 300w, https:\/\/www.horizontcare.de\/wp-content\/uploads\/2025\/11\/TZ9_2883_Presse_hfr_mit_Bildnachweis_Timon_Kronenberg-1-768x512.jpg 768w\" sizes=\"auto, (max-width: 1000px) 100vw, 1000px\" \/><\/a><\/figure>\n\n\n<p>Wir arbeiten als Netzwerk f\u00fcr Ihre Gesundheit, treffen Absprachen und kooperieren eng mit Apotheken, \u00c4rzten, Kranken- und Pflegekassen, Sanit\u00e4tsh\u00e4usern, Krankenh\u00e4usern, bei der Wundversorgung, Physiotherapeuten, Beh\u00f6rden, Hausnotrufdiensten, Fris\u00f6ren, Men\u00fcservice, Transportdiensten, Reiseveranstaltern sowie Haus- und Gartendiensten.<\/p>\n<p><strong>Weitere Kooperationspartner<\/strong><\/p>\n<ul>\n<li>Netzwerk Palliative Care im Kreis Herzogtum Lauenburg<\/li>\n<li>bpa \u2013 Bundesverband privater Anbieter sozialer Dienste<\/li>\n<li>Pflegecampus (Online-Lernplattform)<\/li>\n<\/ul>\n<p><strong>Ausbildungskooperationen<\/strong><\/p>\n<ul>\n<li>UKSH Akademie<\/li>\n<li>Sana Kliniken L\u00fcbeck GmbH<\/li>\n<li>Bildungszentrum f\u00fcr Gesundheitsberufe des DRK-Krankenhauses M\u00f6lln-Ratzeburg gGmbH<\/li>\n<\/ul>\n<p><strong>Hausnotruf<\/strong><\/p>\n<ul>\n<li>MEBO Hausnotruf<\/li>\n<li>LIBIFY Notruf<\/li>\n<\/ul>","protected":false},"excerpt":{"rendered":"<p>Wir arbeiten als Netzwerk f\u00fcr Ihre Gesundheit, treffen Absprachen und kooperieren eng mit Apotheken, \u00c4rzten, Kranken- und Pflegekassen, Sanit\u00e4tsh\u00e4usern, Krankenh\u00e4usern, bei der Wundversorgung, Physiotherapeuten, Beh\u00f6rden, Hausnotrufdiensten, Fris\u00f6ren, Men\u00fcservice, Transportdiensten, Reiseveranstaltern sowie Haus- und Gartendiensten. Weitere Kooperationspartner Netzwerk Palliative Care im Kreis Herzogtum Lauenburg bpa \u2013 Bundesverband privater Anbieter sozialer Dienste Pflegecampus (Online-Lernplattform) Ausbildungskooperationen UKSH Akademie [&hellip;]<\/p>\n","protected":false},"author":2,"featured_media":0,"parent":26,"menu_order":0,"comment_status":"closed","ping_status":"closed","template":"","meta":{"footnotes":""},"class_list":["post-72","page","type-page","status-publish","hentry"],"_links":{"self":[{"href":"https:\/\/www.horizontcare.de\/index.php?rest_route=\/wp\/v2\/pages\/72","targetHints":{"allow":["GET"]}}],"collection":[{"href":"https:\/\/www.horizontcare.de\/index.php?rest_route=\/wp\/v2\/pages"}],"about":[{"href":"https:\/\/www.horizontcare.de\/index.php?rest_route=\/wp\/v2\/types\/page"}],"author":[{"embeddable":true,"href":"https:\/\/www.horizontcare.de\/index.php?rest_route=\/wp\/v2\/users\/2"}],"replies":[{"embeddable":true,"href":"https:\/\/www.horizontcare.de\/index.php?rest_route=%2Fwp%2Fv2%2Fcomments&post=72"}],"version-history":[{"count":21,"href":"https:\/\/www.horizontcare.de\/index.php?rest_route=\/wp\/v2\/pages\/72\/revisions"}],"predecessor-version":[{"id":4532,"href":"https:\/\/www.horizontcare.de\/index.php?rest_route=\/wp\/v2\/pages\/72\/revisions\/4532"}],"up":[{"embeddable":true,"href":"https:\/\/www.horizontcare.de\/index.php?rest_route=\/wp\/v2\/pages\/26"}],"wp:attachment":[{"href":"https:\/\/www.horizontcare.de\/index.php?rest_route=%2Fwp%2Fv2%2Fmedia&parent=72"}],"curies":[{"name":"wp","href":"https:\/\/api.w.org\/{rel}","templated":true}]}}