{"id":529,"date":"2016-11-05T16:48:32","date_gmt":"2016-11-05T16:48:32","guid":{"rendered":"https:\/\/www.horizontcare.de\/?page_id=529"},"modified":"2025-09-22T09:51:01","modified_gmt":"2025-09-22T07:51:01","slug":"datenschutz","status":"publish","type":"page","link":"https:\/\/www.horizontcare.de\/?page_id=529","title":{"rendered":"Datenschutz"},"content":{"rendered":"<p>HorizontCare hat sich mit Wirkung zum 25. Mai 2018 fit f\u00fcr die DSGVO gemacht. Wir verarbeiten personenbezogene Daten der Besucher:innen dieser Internetseite nur, soweit dies f\u00fcr die Funktion einer selbst gehosteten WordPress-Seite erforderlich ist. Sie ist bei einem Unternehmen mit Sitz in Deutschland gehostet, mit dem eine Vereinbarung \u00fcber die Auftragsverarbeitung geschlossen wurde. Damit best\u00e4tigt unser Webhoster die Umsetzung der gesetzlichen Vorgaben zum Datenschutz.<\/p>\n<p>Wir nutzen auf dieser Internetseite:<\/p>\n<ul>\n<li>keine Analyse-Cookies<\/li>\n<li>keine Social-Media-Plugins<\/li>\n<li>eine https-Verschl\u00fcsselung<\/li>\n<li>keine Analyse-Tools von Google, Piwik oder als WordPress-Plugins.<\/li>\n<\/ul>\n<p>Au\u00dferdem setzen wir bei unserer Arbeit u.a. auf:<\/p>\n<ul>\n<li>Threema Work als DSGVO-konformes Kommunikationsmittel<\/li>\n<li>Teambeam f\u00fcr einen DSGVO-Datenaustausch<\/li>\n<li>eine ausf\u00fchrliche &#8222;Datenschutz- und IT-Richtlinie&#8220; f\u00fcr Mitarbeiter.<\/li>\n<\/ul>\n<hr \/>\n<h4>Einleitung<\/h4>\n<p>Personenbezogene Daten (nachfolgend zumeist nur \u201eDaten\u201c genannt) werden von uns nur im Rahmen der Erforderlichkeit sowie zum Zwecke der Bereitstellung eines funktionsf\u00e4higen und nutzerfreundlichen Internetauftritts, inklusive seiner Inhalte und der dort angebotenen Leistungen, verarbeitet.<\/p>\n<p>Gem\u00e4\u00df Art. 4 Ziffer 1. der Verordnung (EU) 2016\/679, also der Datenschutz-Grundverordnung (nachfolgend nur \u201eDSGVO\u201c genannt), gilt als \u201eVerarbeitung\u201c jeder mit oder ohne Hilfe automatisierter Verfahren ausgef\u00fchrter Vorgang oder jede solche Vorgangsreihe im Zusammenhang mit personenbezogenen Daten, wie das Erheben, das Erfassen, die Organisation, das Ordnen, die Speicherung, die Anpassung oder Ver\u00e4nderung, das Auslesen, das Abfragen, die Verwendung, die Offenlegung durch \u00dcbermittlung, Verbreitung oder eine andere Form der Bereitstellung, den Abgleich oder die Verkn\u00fcpfung, die Einschr\u00e4nkung, das L\u00f6schen oder die Vernichtung.<\/p>\n<p>Mit der nachfolgenden Datenschutzerkl\u00e4rung informieren wir Sie insbesondere \u00fcber Art, Umfang, Zweck, Dauer und Rechtsgrundlage der Verarbeitung personenbezogener Daten, soweit wir entweder allein oder gemeinsam mit anderen \u00fcber die Zwecke und Mittel der Verarbeitung entscheiden. Zudem informieren wir Sie nachfolgend \u00fcber die von uns zu Optimierungszwecken sowie zur Steigerung der Nutzungsqualit\u00e4t eingesetzten Fremdkomponenten, soweit hierdurch Dritte Daten in wiederum eigener Verantwortung verarbeiten.<\/p>\n<h4>Verantwortlich<\/h4>\n<p>Verantwortlich im Sinne der DSGVO und anderer nationaler Gesetze sowie Datenschutzbestimmungen:<\/p>\n<p>HorizontCare<br \/>\nAmbulante Gesundheits- und Krankenpflege<br \/>\nInhaber: Detlef R. Pohl<br \/>\nAm Markt 9<br \/>\n23909 Ratzeburg<\/p>\n<p>Telefon: (04541) 89 53 305<br \/>\nTelefax: (04541) 89 53 306<br \/>\nE-Mail: <a href=\"mailto:datenschutz@horizontcare.de\" target=\"_blank\" rel=\"noopener noreferrer\">datenschutz@horizontcare.de<\/a><br \/>\nInternet: <a href=\"https:\/\/www.horizontcare.de\/\">www.horizontcare.de<\/a><\/p>\n<p>\u00dcber diese Angaben erreichen Sie den internen Datenschutzbeauftragten.<br \/>\n<em>Datenschutzbeauftragter: <\/em>Eike Pohl<\/p>\n<h4>Zwecke<\/h4>\n<p>Zweck der Verarbeitung personenbezogener Daten bei der Nutzung dieser Seite und der Kontaktaufnahme per E-Mail:<\/p>\n<ul>\n<li>Bereitstellung einer funktionsf\u00e4higen, nutzerfreundlichen Internetseite im Rahmen der \u00d6ffentlichkeitsarbeit<\/li>\n<li>Bearbeitung der Kontaktaufnahme bzw. Kommunikation mit Kunden, Interessierten und Bewerbern<\/li>\n<\/ul>\n<h4>Rechtsgrundlage<\/h4>\n<p>Rechtsgrundlage der Datenverarbeitung bei der Nutzung dieser Seite und der Kontaktaufnahme per E-Mail:<\/p>\n<ul>\n<li>zur Wahrung von berechtigten Interessen (Art. 6 Abs. 1f DSGVO), z.B. f\u00fcr die vor\u00fcbergehende Verarbeitung von IP-Adressen und Cookies, die f\u00fcr die reine Funktion der Internetseite notwendig sind, sowie f\u00fcr die Kontaktaufnahme per E-Mail\/Fax<\/li>\n<li>zur Erf\u00fcllung eines Vertrages (oder vorvertraglicher Ma\u00dfnahmen) erforderlich (Art. 6 Abs. 1b DSGVO), z.B. im Rahmen einer Kontaktaufnahme per E-Mail<\/li>\n<li>f\u00fcr die Versorgung oder Behandlung im Gesundheitsbereich erforderlich (Art. 9 Abs. 2h DSGVO), z.B. bei der etwaigen \u00dcbermittlung von Daten per (verschl\u00fcsselter) E-Mail<\/li>\n<\/ul>\n<h4>Datenverarbeitung<\/h4>\n<p>Ihre bei Nutzung unseres Internetauftritts verarbeiteten Daten werden gel\u00f6scht oder gesperrt, sobald der Zweck der Speicherung entf\u00e4llt, der L\u00f6schung der Daten keine gesetzlichen Aufbewahrungspflichten entgegenstehen und nachfolgend keine anderslautenden Angaben zu einzelnen Verarbeitungsverfahren gemacht werden.<\/p>\n<h4>Serverdaten<\/h4>\n<p>Aus technischen Gr\u00fcnden, insbesondere zur Gew\u00e4hrleistung eines sicheren und stabilen Internetauftritts, werden bei jedem Aufruf unserer Internetseite u.a. folgende Daten, die Ihr Internet-Browser automatisiert \u00fcbermittelt, von uns bzw. unserem Webhoster verarbeitet (sogenannte Logfiles):<\/p>\n<ul>\n<li>Browsertyp und -version,<\/li>\n<li>verwendetes Betriebssystem,<\/li>\n<li>Seite, von der aus Sie uns besuchen (Referrer-URL),<\/li>\n<li>Seite, die Sie besuchen (abgerufene Datei),<\/li>\n<li>Datum und Uhrzeit Ihres Zugriffs,<\/li>\n<li>Menge der gesendeten Daten,<\/li>\n<li>Ihre IP-Adresse.<\/li>\n<\/ul>\n<p>Diese so erhobenen Daten werden vorr\u00fcbergehend gespeichert, dies jedoch nicht gemeinsam mit anderen Daten von Ihnen.\u00a0Diese Speicherung erfolgt auf der Rechtsgrundlage von Art. 6 Abs. 1 lit. f) DSGVO. Unser berechtigtes Interesse liegt in der Verbesserung, Stabilit\u00e4t, Funktionalit\u00e4t und Sicherheit unseres Internetauftritts.<\/p>\n<p>Die oben genannten Daten werden anbieterseitig f\u00fcr sieben Tage gespeichert und danach anonymisiert, soweit keine weitere Aufbewahrung zu Beweiszwecken erforderlich ist. Andernfalls sind die Daten bis zur endg\u00fcltigen Kl\u00e4rung eines Vorfalls ganz oder teilweise von der L\u00f6schung ausgenommen.<\/p>\n<p>Eine Auswertung zu Marketingzwecken findet durch HorizontCare nicht statt. Anonyme Daten werden getrennt von Ihren eventuell angegebenen personenbezogenen Daten gespeichert und lassen so keine R\u00fcckschl\u00fcsse auf eine bestimmte Person zu.<\/p>\n<h4>Cookies<\/h4>\n<p>Aus Datenschutzgr\u00fcnden verzichten wir auf dieser Seite bewusst auf Social-Media-Plugins und Cookies, die technisch nicht notwendig sind, z.B. Analyse-Cookies. Um die Funktion dieser Seite zu erm\u00f6glichen bzw. aus technischen Gr\u00fcnden k\u00f6nnen auf dieser Seite aber Sitzungs-Cookies gesetzt werden (z.B. PHPSESSID,\u00a0wordpress_test_cookie). Dabei handelt es sich um eine Textdatei, die vor\u00fcbergehend von Ihrem Browser auf Ihrem Rechner gespeichert wird. Durch Cookies werden im individuellen Umfang bestimmte Informationen von Ihnen, wie beispielsweise Ihre Browser- oder Standortdaten oder Ihre IP-Adresse, verarbeitet. Session-Cookies sind notwendig f\u00fcr Ihre aktuelle Sitzung und werden gel\u00f6scht, sobald Sie Ihren Browser schlie\u00dfen.<\/p>\n<p>Rechtsgrundlage dieser Verarbeitung ist Art. 6 Abs. 1 lit. b) DSGVO, sofern diese Cookies Daten zur Vertragsanbahnung oder Vertragsabwicklung verarbeitet werden. Falls die Verarbeitung nicht der Vertragsanbahnung oder Vertragsabwicklung dient, liegt unser berechtigtes Interesse in der Verbesserung der Funktionalit\u00e4t unseres Internetauftritts. Rechtsgrundlage ist in dann Art. 6 Abs. 1 lit. f) DSGVO.<\/p>\n<p>Da Cookies auf Ihrem Rechner gespeichert werden, haben Sie dar\u00fcber auch die volle Kontrolle. Bei Bedarf k\u00f6nnen Sie in den Einstellungen Ihres Browsers die \u00dcbertragung von Cookies selbst deaktivieren oder einschr\u00e4nken. Bereits gesetzte Cookies k\u00f6nnen Sie selbst jederzeit l\u00f6schen \u2013 z.B. auch automatisiert bei jedem Schlie\u00dfen des Browsers. Die hierf\u00fcr erforderlichen Schritte und Ma\u00dfnahmen h\u00e4ngen jedoch von Ihrem konkret genutzten Internet-Browser ab. Bei Fragen benutzen Sie daher bitte die Hilfefunktion oder Dokumentation Ihres Internet-Browsers oder wenden sich an dessen Hersteller bzw. Support.<\/p>\n<p>Sollten Sie die Installation der Cookies verhindern oder einschr\u00e4nken, kann dies allerdings dazu f\u00fchren, dass nicht s\u00e4mtliche Funktionen unseres Internetauftritts vollumf\u00e4nglich nutzbar sind.<\/p>\n<h4>Kontaktm\u00f6glichkeit<\/h4>\n<p>Wir bieten Ihnen die M\u00f6glichkeit, mit uns per E-Mail (oder Fax) in Verbindung zu treten. In diesem Fall werden die mit der E-Mail \u00fcbermittelten Bestandsdaten (Name, E-Mail-Adresse, ggf. Headerdaten) und Inhaltsdaten (\u201eBody\u201c) verarbeitet. Die dabei von Ihnen angegebenen Daten werden zur Bearbeitung Ihrer Anfrage genutzt. Die Angabe der Daten ist zur Bearbeitung und Beantwortung Ihre Anfrage erforderlich \u2013 ohne deren Bereitstellung k\u00f6nnen wir Ihre Anfrage nicht oder allenfalls eingeschr\u00e4nkt beantworten.<\/p>\n<p>Rechtsgrundlage f\u00fcr diese Verarbeitung ist Art. 6 Abs. 1 lit. b) DSGVO.<\/p>\n<p>Ihre Daten werden gel\u00f6scht, sofern Ihre Anfrage abschlie\u00dfend beantwortet worden ist und der L\u00f6schung keine gesetzlichen Aufbewahrungspflichten entgegenstehen, wie bspw. bei einer sich etwaig anschlie\u00dfenden Vertragsabwicklung.<\/p>\n<p>Sofern Sie per E-Mail Kontakt mit uns aufnehmen, haben Sie jederzeit die M\u00f6glichkeit, der Verarbeitung Ihrer Daten zu widersprechen (siehe &#8222;Ihre Rechte&#8220;). In so einem Fall kann die Kommunikation nicht fortgesetzt werden, da alle Daten im Rahmen der Kontaktaufnahme gel\u00f6scht werden.<\/p>\n<p>Wir weisen Sie darauf hin, dass die internetbasierte, unverschl\u00fcsselte \u00dcbertragung von Daten Sicherheitsl\u00fccken aufweist und ein Schutz vor Zugriffen durch Dritte nicht m\u00f6glich ist. Um personenbezogene Daten, insbesondere Gesundheitsdaten, gesch\u00fctzt per E-Mail an HorizontCare zu \u00fcbermitteln, nutzen Sie bitte eine Verschl\u00fcsselung von PDF-Dateien.<\/p>\n<p>Die Aufbewahrungsfristen von Gesch\u00e4ftsbriefen, zu denen auch E-Mails und Faxe z\u00e4hlen, h\u00e4ngen grunds\u00e4tzlich von ihrem Charakter ab: Schriftwechsel ohne Bezug zum Krankheitsverlauf sind sp\u00e4testens nach sechs Jahren zu l\u00f6schen. Schriftwechsel mit Bezug zum Krankheitsverlauf k\u00f6nnen unter Bezugnahme auf \u00a7197 BGB bis zu 30 Jahre aufbewahrt werden.<\/p>\n<h3>Online-Bewerbung<\/h3>\n<p>Wir empfehlen Bewerber:innen personenbezogene Daten mittels verschl\u00fcsselter PDF-Dateien zu \u00fcbermitteln. Unserer Informationspflicht gem\u00e4\u00df DSGVO zum Umgang mit personenbezogenen Daten von Bewerbern kommen wir <a href=\"https:\/\/www.horizontcare.de\/?page_id=1487\">an dieser Stelle <\/a>nach<\/p>\n<h3>Weitergabe von Daten<\/h3>\n<p>Daten werden im Rahmen von Vereinbarungen \u00fcber die Auftragsverarbeitung von unseren Webhosting-, E-Mail- und Cloud-Providern unter Einhaltung der DSGVO verarbeitet. Eine gezielte \u00dcbertragung in Drittstaaten findet nicht statt und ist auch nicht geplant. Beim Versand von (unverschl\u00fcsselten) E-Mails kann technisch nicht ausgeschlossen werden, dass diese auch \u00fcber Drittstaaten geleitet werden. An HorizontCare per E-Mail oder Fax \u00fcbermittelte Daten werden nur an Dritte weitergegeben, soweit es f\u00fcr die jeweiligen Zwecke erforderlich ist bzw. sofern eine Einwilligung vorliegt.<\/p>\n<p>Unseren Informationspflichten gem\u00e4\u00df DSGVO gegen\u00fcber k\u00fcnftigen Kunden und Besch\u00e4ftigten kommen wir im Rahmen von Pflege- bzw. Arbeitsvertr\u00e4gen gesondert nach.<\/p>\n<h3>Anzeigen<\/h3>\n<p>HorizontCare nutzt Google AdWords, um Nutzer der Suchmaschine auf seine Dienstleistungen aufmerksam zu machen. Wir weisen darauf hin, dass Google im Sinne der DSGVO in unserem Fall als <a href=\"https:\/\/privacy.google.com\/businesses\/adsservices\/\" target=\"_blank\" rel=\"noopener noreferrer\">eigenst\u00e4ndig Verantwortlicher<\/a> handelt und keine Auftragsverarbeitung vorliegt. Google teilt keine personenbezogenen Daten mit uns. HorizontCare gibt keine personenbezogenen Daten an Google weiter. Datenschutzrechtlich besteht bei AdWords eine Beziehung daher nur zwischen den Nutzern der Suchmaschine und Google.<\/p>\n<h3>Profiling<\/h3>\n<p>Es findet vonseiten HorizontCare keine automatisierte Entscheidungsfindung statt. (Beim sogenannten Profiling werden Daten automatisiert verarbeitet, um das Verhalten von Menschen vorherzusagen und Entscheidungen dar\u00fcber zu treffen.)<\/p>\n<h3>Ihre Rechte<\/h3>\n<p>Mit Blick auf die beschriebene Datenverarbeitung haben die Nutzer und Betroffenen das Recht<\/p>\n<ul>\n<li>auf Best\u00e4tigung, ob sie betreffende Daten verarbeitet werden, auf Auskunft \u00fcber die verarbeiteten Daten, auf weitere Informationen \u00fcber die Datenverarbeitung sowie auf Kopien der Daten (vgl. auch Art. 15 DSGVO);<\/li>\n<li>auf Berichtigung oder Vervollst\u00e4ndigung unrichtiger bzw. unvollst\u00e4ndiger Daten (vgl. auch Art. 16 DSGVO);<\/li>\n<li>auf unverz\u00fcgliche L\u00f6schung der sie betreffenden Daten (vgl. auch Art. 17 DSGVO), oder, alternativ, soweit eine weitere Verarbeitung gem\u00e4\u00df Art. 17 Abs. 3 DSGVO erforderlich ist, auf Einschr\u00e4nkung der Verarbeitung nach Ma\u00dfgabe von Art. 18 DSGVO;<\/li>\n<li>auf Erhalt der sie betreffenden und von ihnen bereitgestellten Daten und auf \u00dcbermittlung dieser Daten an andere Anbieter\/Verantwortliche (vgl. auch Art. 20 DSGVO);<\/li>\n<li>auf Beschwerde gegen\u00fcber einer Aufsichtsbeh\u00f6rde, sofern sie der Ansicht sind, dass die sie betreffenden Daten durch den Anbieter unter Versto\u00df gegen datenschutzrechtliche Bestimmungen verarbeitet werden (vgl. auch Art. 77 DSGVO).<\/li>\n<\/ul>\n<p>Dar\u00fcber hinaus ist der Anbieter dazu verpflichtet, alle Empf\u00e4nger, denen gegen\u00fcber Daten durch den Anbieter offengelegt worden sind, \u00fcber jedwede Berichtigung oder L\u00f6schung von Daten oder die Einschr\u00e4nkung der Verarbeitung, die aufgrund der Artikel 16, 17 Abs. 1, 18 DSGVO erfolgt, zu unterrichten. Diese Verpflichtung besteht jedoch nicht, soweit diese Mitteilung unm\u00f6glich oder mit einem unverh\u00e4ltnism\u00e4\u00dfigen Aufwand verbunden ist. Unbeschadet dessen hat der Nutzer ein Recht auf Auskunft \u00fcber diese Empf\u00e4nger.<\/p>\n<p><strong>Ebenfalls haben die Nutzer und Betroffenen nach Art. 21 DSGVO das Recht auf Widerspruch gegen die k\u00fcnftige Verarbeitung der sie betreffenden Daten, sofern die Daten durch den Anbieter nach Ma\u00dfgabe von Art. 6 Abs. 1 lit. f) DSGVO verarbeitet werden. Insbesondere ist ein Widerspruch gegen die Datenverarbeitung zum Zwecke der Direktwerbung statthaft.<\/strong><\/p>\n<p>Die Rechtm\u00e4\u00dfigkeit der bis zum Widerruf erfolgten Verarbeitung wird davon nicht ber\u00fchrt. Der Widerspruch ist per Post, E-Mail oder Fax an die o.g. Kontaktdaten zu richten. Es entstehen keine Kosten au\u00dfer f\u00fcr Porto oder \u00dcbermittlung.<\/p>\n<p><strong>Hinweis zum Copyright:<\/strong> <a href=\"https:\/\/www.ratgeberrecht.eu\/leistungen\/muster-datenschutzerklaerung.html\" target=\"_blank\" rel=\"noopener noreferrer\">Muster-Datenschutzerkl\u00e4rung<\/a> der <a href=\"https:\/\/www.ratgeberrecht.eu\/\" target=\"_blank\" rel=\"noopener noreferrer\">Anwaltskanzlei Wei\u00df &amp; Partner<\/a>, jedoch individuell erweitert. Inhaltliche Impulse kamen vom <a href=\"https:\/\/www.datenschutz-guru.de\/\" target=\"_blank\" rel=\"noopener noreferrer\">Datenschutz-Guru<\/a> und von der <a href=\"https:\/\/www.uni-muenster.de\/Jura.itm\/hoeren\/lehre\/materialien\/musterdatenschutzerklaerung\" target=\"_blank\" rel=\"noopener noreferrer\">Uni M\u00fcnster<\/a>.<\/p>\n","protected":false},"excerpt":{"rendered":"<p>HorizontCare hat sich mit Wirkung zum 25. Mai 2018 fit f\u00fcr die DSGVO gemacht. Wir verarbeiten personenbezogene Daten der Besucher:innen dieser Internetseite nur, soweit dies f\u00fcr die Funktion einer selbst gehosteten WordPress-Seite erforderlich ist. Sie ist bei einem Unternehmen mit Sitz in Deutschland gehostet, mit dem eine Vereinbarung \u00fcber die Auftragsverarbeitung geschlossen wurde. Damit best\u00e4tigt [&hellip;]<\/p>\n","protected":false},"author":2,"featured_media":0,"parent":0,"menu_order":0,"comment_status":"closed","ping_status":"closed","template":"","meta":{"footnotes":""},"class_list":["post-529","page","type-page","status-publish","hentry"],"_links":{"self":[{"href":"https:\/\/www.horizontcare.de\/index.php?rest_route=\/wp\/v2\/pages\/529","targetHints":{"allow":["GET"]}}],"collection":[{"href":"https:\/\/www.horizontcare.de\/index.php?rest_route=\/wp\/v2\/pages"}],"about":[{"href":"https:\/\/www.horizontcare.de\/index.php?rest_route=\/wp\/v2\/types\/page"}],"author":[{"embeddable":true,"href":"https:\/\/www.horizontcare.de\/index.php?rest_route=\/wp\/v2\/users\/2"}],"replies":[{"embeddable":true,"href":"https:\/\/www.horizontcare.de\/index.php?rest_route=%2Fwp%2Fv2%2Fcomments&post=529"}],"version-history":[{"count":90,"href":"https:\/\/www.horizontcare.de\/index.php?rest_route=\/wp\/v2\/pages\/529\/revisions"}],"predecessor-version":[{"id":4435,"href":"https:\/\/www.horizontcare.de\/index.php?rest_route=\/wp\/v2\/pages\/529\/revisions\/4435"}],"wp:attachment":[{"href":"https:\/\/www.horizontcare.de\/index.php?rest_route=%2Fwp%2Fv2%2Fmedia&parent=529"}],"curies":[{"name":"wp","href":"https:\/\/api.w.org\/{rel}","templated":true}]}}