{"id":26,"date":"2012-03-02T19:28:58","date_gmt":"2012-03-02T19:28:58","guid":{"rendered":"http:\/\/s384029109.online.de\/?page_id=26"},"modified":"2025-11-12T12:05:32","modified_gmt":"2025-11-12T11:05:32","slug":"service","status":"publish","type":"page","link":"https:\/\/www.horizontcare.de\/?page_id=26","title":{"rendered":"Service"},"content":{"rendered":"\n<figure class=\"wp-block-image size-full has-custom-border\"><a href=\"https:\/\/www.horizontcare.de\/wp-content\/uploads\/2025\/11\/TZ9_4714_Presse_hfr_mit_Bildnachweis_Timon_Kronenberg.jpg\"><img loading=\"lazy\" decoding=\"async\" width=\"1000\" height=\"667\" src=\"https:\/\/www.horizontcare.de\/wp-content\/uploads\/2025\/11\/TZ9_4714_Presse_hfr_mit_Bildnachweis_Timon_Kronenberg.jpg\" alt=\"\" class=\"wp-image-4543\" style=\"border-style:none;border-width:0px;border-radius:100px\" srcset=\"https:\/\/www.horizontcare.de\/wp-content\/uploads\/2025\/11\/TZ9_4714_Presse_hfr_mit_Bildnachweis_Timon_Kronenberg.jpg 1000w, https:\/\/www.horizontcare.de\/wp-content\/uploads\/2025\/11\/TZ9_4714_Presse_hfr_mit_Bildnachweis_Timon_Kronenberg-300x200.jpg 300w, https:\/\/www.horizontcare.de\/wp-content\/uploads\/2025\/11\/TZ9_4714_Presse_hfr_mit_Bildnachweis_Timon_Kronenberg-768x512.jpg 768w\" sizes=\"auto, (max-width: 1000px) 100vw, 1000px\" \/><\/a><\/figure>\n\n\n<p><strong>Pflege und mehr!<\/strong><br \/>Mit unseren Leistungen stellen wir eine optimale Versorgung sicher und geben Ihnen Orientierung in der komplexen Welt der Pflege. Daf\u00fcr stehen wir nicht nur mit unserer fachlichen Kompetenz, sondern auch mit einem engagierten, pers\u00f6nlichen Service bereit.<\/p>\n<ul>\n<li>Unterst\u00fctzung bei Antr\u00e4gen<\/li>\n<li>Begleitung bei MDK-Gutachten<\/li>\n<li>Beantragung, Bestellung und Lieferung von Medikamenten und Hilfsmitteln<\/li>\n<li>Lieferung von Br\u00f6tchen und Zeitschriften<\/li>\n<li>Vermittlung von Dienstleistungen (Krankengymnastik, Fu\u00dfpflege, Fris\u00f6r, Men\u00fcservice, Hausnotruf, Transportdienste etc.).<\/li>\n<\/ul>","protected":false},"excerpt":{"rendered":"<p>Pflege und mehr!Mit unseren Leistungen stellen wir eine optimale Versorgung sicher und geben Ihnen Orientierung in der komplexen Welt der Pflege. Daf\u00fcr stehen wir nicht nur mit unserer fachlichen Kompetenz, sondern auch mit einem engagierten, pers\u00f6nlichen Service bereit. Unterst\u00fctzung bei Antr\u00e4gen Begleitung bei MDK-Gutachten Beantragung, Bestellung und Lieferung von Medikamenten und Hilfsmitteln Lieferung von Br\u00f6tchen [&hellip;]<\/p>\n","protected":false},"author":2,"featured_media":0,"parent":0,"menu_order":0,"comment_status":"closed","ping_status":"closed","template":"","meta":{"footnotes":""},"class_list":["post-26","page","type-page","status-publish","hentry"],"_links":{"self":[{"href":"https:\/\/www.horizontcare.de\/index.php?rest_route=\/wp\/v2\/pages\/26","targetHints":{"allow":["GET"]}}],"collection":[{"href":"https:\/\/www.horizontcare.de\/index.php?rest_route=\/wp\/v2\/pages"}],"about":[{"href":"https:\/\/www.horizontcare.de\/index.php?rest_route=\/wp\/v2\/types\/page"}],"author":[{"embeddable":true,"href":"https:\/\/www.horizontcare.de\/index.php?rest_route=\/wp\/v2\/users\/2"}],"replies":[{"embeddable":true,"href":"https:\/\/www.horizontcare.de\/index.php?rest_route=%2Fwp%2Fv2%2Fcomments&post=26"}],"version-history":[{"count":13,"href":"https:\/\/www.horizontcare.de\/index.php?rest_route=\/wp\/v2\/pages\/26\/revisions"}],"predecessor-version":[{"id":4544,"href":"https:\/\/www.horizontcare.de\/index.php?rest_route=\/wp\/v2\/pages\/26\/revisions\/4544"}],"wp:attachment":[{"href":"https:\/\/www.horizontcare.de\/index.php?rest_route=%2Fwp%2Fv2%2Fmedia&parent=26"}],"curies":[{"name":"wp","href":"https:\/\/api.w.org\/{rel}","templated":true}]}}