{"id":2398,"date":"2019-11-09T09:42:13","date_gmt":"2019-11-09T08:42:13","guid":{"rendered":"https:\/\/www.horizontcare.de\/?page_id=2398"},"modified":"2026-04-19T10:22:38","modified_gmt":"2026-04-19T08:22:38","slug":"haeufige-fragen","status":"publish","type":"page","link":"https:\/\/www.horizontcare.de\/?page_id=2398","title":{"rendered":"H\u00e4ufige Fragen"},"content":{"rendered":"\n<figure class=\"wp-block-image size-full has-custom-border\"><a href=\"https:\/\/www.horizontcare.de\/wp-content\/uploads\/2025\/11\/TZ9_4812_Presse_hfr_mit_Bildnachweis_Timon_Kronenberg.jpg\"><img loading=\"lazy\" decoding=\"async\" width=\"1000\" height=\"667\" src=\"https:\/\/www.horizontcare.de\/wp-content\/uploads\/2025\/11\/TZ9_4812_Presse_hfr_mit_Bildnachweis_Timon_Kronenberg.jpg\" alt=\"\" class=\"wp-image-4545\" style=\"border-radius:100px\" srcset=\"https:\/\/www.horizontcare.de\/wp-content\/uploads\/2025\/11\/TZ9_4812_Presse_hfr_mit_Bildnachweis_Timon_Kronenberg.jpg 1000w, https:\/\/www.horizontcare.de\/wp-content\/uploads\/2025\/11\/TZ9_4812_Presse_hfr_mit_Bildnachweis_Timon_Kronenberg-300x200.jpg 300w, https:\/\/www.horizontcare.de\/wp-content\/uploads\/2025\/11\/TZ9_4812_Presse_hfr_mit_Bildnachweis_Timon_Kronenberg-768x512.jpg 768w\" sizes=\"auto, (max-width: 1000px) 100vw, 1000px\" \/><\/a><\/figure>\n\n\n\n<h3 class=\"wp-block-heading\">Pflege- und Krankenkassen<\/h3>\n\n\n\n(derzeit in \u00dcberarbeitung)\n\n\n\n<hr class=\"wp-block-separator has-css-opacity\"\/>\n\n\n\n<h3 class=\"wp-block-heading\">Wahl eines Pflegedienstes<\/h3>\n\n\n\n(derzeit in \u00dcberarbeitung)\n\n\n\n<hr class=\"wp-block-separator has-css-opacity\"\/>\n\n\n\n<h3 class=\"wp-block-heading\">Leistungen und Kosten<\/h3>\n\n\n\n(derzeit in \u00dcberarbeitung)\n\n\n\n<hr class=\"wp-block-separator has-css-opacity\"\/>\n\n\n\n<h3 class=\"wp-block-heading\">Organisatorisches<\/h3>\n\n\n\n(derzeit in \u00dcberarbeitung)\n\n\n\n<hr class=\"wp-block-separator has-css-opacity\"\/>\n\n\n\n<h3 class=\"wp-block-heading\">Jobs<\/h3>\n\n\n\n(derzeit in \u00dcberarbeitung)\n\n\n\n<hr class=\"wp-block-separator has-css-opacity\"\/>\n\n\n\n<p>Diese h\u00e4ufigen Fragen (Frequently Asked Questions oder FAQ) und unsere Antworten darauf wurden von HorizontCare verfasst. Unsere Formulierungen unterliegen dem Copyright und d\u00fcrfen daher nicht frei kopiert werden.  <\/p>\n","protected":false},"excerpt":{"rendered":"<p>Pflege- und Krankenkassen (derzeit in \u00dcberarbeitung) Wahl eines Pflegedienstes (derzeit in \u00dcberarbeitung) Leistungen und Kosten (derzeit in \u00dcberarbeitung) Organisatorisches (derzeit in \u00dcberarbeitung) Jobs (derzeit in \u00dcberarbeitung) Diese h\u00e4ufigen Fragen (Frequently Asked Questions oder FAQ) und unsere Antworten darauf wurden von HorizontCare verfasst. Unsere Formulierungen unterliegen dem Copyright und d\u00fcrfen daher nicht frei kopiert werden.<\/p>\n","protected":false},"author":2,"featured_media":0,"parent":0,"menu_order":0,"comment_status":"closed","ping_status":"closed","template":"","meta":{"footnotes":""},"class_list":["post-2398","page","type-page","status-publish","hentry"],"_links":{"self":[{"href":"https:\/\/www.horizontcare.de\/index.php?rest_route=\/wp\/v2\/pages\/2398","targetHints":{"allow":["GET"]}}],"collection":[{"href":"https:\/\/www.horizontcare.de\/index.php?rest_route=\/wp\/v2\/pages"}],"about":[{"href":"https:\/\/www.horizontcare.de\/index.php?rest_route=\/wp\/v2\/types\/page"}],"author":[{"embeddable":true,"href":"https:\/\/www.horizontcare.de\/index.php?rest_route=\/wp\/v2\/users\/2"}],"replies":[{"embeddable":true,"href":"https:\/\/www.horizontcare.de\/index.php?rest_route=%2Fwp%2Fv2%2Fcomments&post=2398"}],"version-history":[{"count":27,"href":"https:\/\/www.horizontcare.de\/index.php?rest_route=\/wp\/v2\/pages\/2398\/revisions"}],"predecessor-version":[{"id":4642,"href":"https:\/\/www.horizontcare.de\/index.php?rest_route=\/wp\/v2\/pages\/2398\/revisions\/4642"}],"wp:attachment":[{"href":"https:\/\/www.horizontcare.de\/index.php?rest_route=%2Fwp%2Fv2%2Fmedia&parent=2398"}],"curies":[{"name":"wp","href":"https:\/\/api.w.org\/{rel}","templated":true}]}}