{"id":23,"date":"2012-03-02T19:28:37","date_gmt":"2012-03-02T19:28:37","guid":{"rendered":"http:\/\/s384029109.online.de\/?page_id=23"},"modified":"2025-11-11T16:29:12","modified_gmt":"2025-11-11T15:29:12","slug":"privat-zusatzleistungen","status":"publish","type":"page","link":"https:\/\/www.horizontcare.de\/?page_id=23","title":{"rendered":"Privatleistungen"},"content":{"rendered":"\n<figure class=\"wp-block-image size-full has-custom-border\"><a href=\"https:\/\/www.horizontcare.de\/wp-content\/uploads\/2025\/11\/TZ9_3099_Presse_hfr_mit_Bildnachweis_Timon_Kronenberg-1.jpg\"><img loading=\"lazy\" decoding=\"async\" width=\"1000\" height=\"667\" src=\"https:\/\/www.horizontcare.de\/wp-content\/uploads\/2025\/11\/TZ9_3099_Presse_hfr_mit_Bildnachweis_Timon_Kronenberg-1.jpg\" alt=\"\" class=\"wp-image-4529\" style=\"border-radius:100px\" srcset=\"https:\/\/www.horizontcare.de\/wp-content\/uploads\/2025\/11\/TZ9_3099_Presse_hfr_mit_Bildnachweis_Timon_Kronenberg-1.jpg 1000w, https:\/\/www.horizontcare.de\/wp-content\/uploads\/2025\/11\/TZ9_3099_Presse_hfr_mit_Bildnachweis_Timon_Kronenberg-1-300x200.jpg 300w, https:\/\/www.horizontcare.de\/wp-content\/uploads\/2025\/11\/TZ9_3099_Presse_hfr_mit_Bildnachweis_Timon_Kronenberg-1-768x512.jpg 768w\" sizes=\"auto, (max-width: 1000px) 100vw, 1000px\" \/><\/a><\/figure>\n\n\n<p>Der Gesetzgeber hat zahlreiche Leistungen geregelt, die f\u00fcr eine Grundversorgung erforderlich sind. Dennoch ist nicht immer der von den Kranken- und <a href=\"https:\/\/www.horizontcare.de\/?page_id=825\">Pflegekassen<\/a> genehmigte Rahmen den individuellen Bed\u00fcrfnissen angepasst. Gern schlie\u00dfen wir diese L\u00fccke und bieten Ihnen zus\u00e4tzliche Alternativen einer Leistungserweiterung auf Basis einer privaten Abrechnung an.<\/p>\n<p>Gestalten Sie gern Ihr Leben aktiv und nehmen rege an kulturellen Angeboten teil? So z\u00f6gern Sie auch hier nicht, uns als stabilen Begleiter f\u00fcr Ihre Veranstaltungen, Reisen, Ausfl\u00fcge, Spazierg\u00e4nge usw. zu engagieren. Selbstverst\u00e4ndlich stehen wir Ihnen auch unterst\u00fctzend bei Festlichkeiten, Eink\u00e4ufen und der Haustierversorgung zur Verf\u00fcgung.<\/p>","protected":false},"excerpt":{"rendered":"<p>Der Gesetzgeber hat zahlreiche Leistungen geregelt, die f\u00fcr eine Grundversorgung erforderlich sind. Dennoch ist nicht immer der von den Kranken- und Pflegekassen genehmigte Rahmen den individuellen Bed\u00fcrfnissen angepasst. Gern schlie\u00dfen wir diese L\u00fccke und bieten Ihnen zus\u00e4tzliche Alternativen einer Leistungserweiterung auf Basis einer privaten Abrechnung an. Gestalten Sie gern Ihr Leben aktiv und nehmen rege [&hellip;]<\/p>\n","protected":false},"author":2,"featured_media":0,"parent":0,"menu_order":0,"comment_status":"closed","ping_status":"closed","template":"","meta":{"footnotes":""},"class_list":["post-23","page","type-page","status-publish","hentry"],"_links":{"self":[{"href":"https:\/\/www.horizontcare.de\/index.php?rest_route=\/wp\/v2\/pages\/23","targetHints":{"allow":["GET"]}}],"collection":[{"href":"https:\/\/www.horizontcare.de\/index.php?rest_route=\/wp\/v2\/pages"}],"about":[{"href":"https:\/\/www.horizontcare.de\/index.php?rest_route=\/wp\/v2\/types\/page"}],"author":[{"embeddable":true,"href":"https:\/\/www.horizontcare.de\/index.php?rest_route=\/wp\/v2\/users\/2"}],"replies":[{"embeddable":true,"href":"https:\/\/www.horizontcare.de\/index.php?rest_route=%2Fwp%2Fv2%2Fcomments&post=23"}],"version-history":[{"count":13,"href":"https:\/\/www.horizontcare.de\/index.php?rest_route=\/wp\/v2\/pages\/23\/revisions"}],"predecessor-version":[{"id":4530,"href":"https:\/\/www.horizontcare.de\/index.php?rest_route=\/wp\/v2\/pages\/23\/revisions\/4530"}],"wp:attachment":[{"href":"https:\/\/www.horizontcare.de\/index.php?rest_route=%2Fwp%2Fv2%2Fmedia&parent=23"}],"curies":[{"name":"wp","href":"https:\/\/api.w.org\/{rel}","templated":true}]}}