{"id":2,"date":"2011-09-22T18:32:08","date_gmt":"2011-09-22T18:32:08","guid":{"rendered":"http:\/\/s384029109.online.de\/?page_id=2"},"modified":"2025-11-04T10:07:06","modified_gmt":"2025-11-04T09:07:06","slug":"beispiel-seite","status":"publish","type":"page","link":"https:\/\/www.horizontcare.de\/","title":{"rendered":"Famili\u00e4r umsorgt"},"content":{"rendered":"\n<p class=\"has-text-align-left\">HorizontCare, ambulante Gesundheits- und Krankenpflege&nbsp;Detlef R. Pohl, ist ein professioneller, ambulanter Pflegedienst f\u00fcr Ratzeburg, M\u00f6lln und Umgebung. Das familiengef\u00fchrte Unternehmen bietet als Vertragspartner aller Kassen und f\u00fcr Privatzahler seit 2011 individuelle Pflege-, Betreuungs- und Haushaltsleistungen.<\/p>\n\n\n\n<p class=\"has-text-align-left\">Die Mission des rund 40-k\u00f6pfigen Teams: Dass Pflegebed\u00fcrftige so lange wie m\u00f6glich selbstbestimmt und \u201efamili\u00e4r umsorgt\u201c zu Hause leben k\u00f6nnen. Unabh\u00e4ngig von Ihrem Wohnort im Kreis Herzogtum Lauenburg k\u00f6nnen Sie Ihren Pflegedienst frei w\u00e4hlen. Haben Sie Fragen? Hier finden Sie <a href=\"https:\/\/www.horizontcare.de\/?page_id=2398\">einige Antworten<\/a>. Wir beraten Sie gern pers\u00f6nlich \u2013 auch per <a href=\"https:\/\/www.horizontcare.de\/?page_id=32\">Videogespr\u00e4ch!<\/a><\/p>\n","protected":false},"excerpt":{"rendered":"<p>HorizontCare, ambulante Gesundheits- und Krankenpflege&nbsp;Detlef R. Pohl, ist ein professioneller, ambulanter Pflegedienst f\u00fcr Ratzeburg, M\u00f6lln und Umgebung. Das familiengef\u00fchrte Unternehmen bietet als Vertragspartner aller Kassen und f\u00fcr Privatzahler seit 2011 individuelle Pflege-, Betreuungs- und Haushaltsleistungen. Die Mission des rund 40-k\u00f6pfigen Teams: Dass Pflegebed\u00fcrftige so lange wie m\u00f6glich selbstbestimmt und \u201efamili\u00e4r umsorgt\u201c zu Hause leben k\u00f6nnen. [&hellip;]<\/p>\n","protected":false},"author":2,"featured_media":0,"parent":0,"menu_order":0,"comment_status":"closed","ping_status":"closed","template":"","meta":{"footnotes":""},"class_list":["post-2","page","type-page","status-publish","hentry"],"_links":{"self":[{"href":"https:\/\/www.horizontcare.de\/index.php?rest_route=\/wp\/v2\/pages\/2","targetHints":{"allow":["GET"]}}],"collection":[{"href":"https:\/\/www.horizontcare.de\/index.php?rest_route=\/wp\/v2\/pages"}],"about":[{"href":"https:\/\/www.horizontcare.de\/index.php?rest_route=\/wp\/v2\/types\/page"}],"author":[{"embeddable":true,"href":"https:\/\/www.horizontcare.de\/index.php?rest_route=\/wp\/v2\/users\/2"}],"replies":[{"embeddable":true,"href":"https:\/\/www.horizontcare.de\/index.php?rest_route=%2Fwp%2Fv2%2Fcomments&post=2"}],"version-history":[{"count":139,"href":"https:\/\/www.horizontcare.de\/index.php?rest_route=\/wp\/v2\/pages\/2\/revisions"}],"predecessor-version":[{"id":4496,"href":"https:\/\/www.horizontcare.de\/index.php?rest_route=\/wp\/v2\/pages\/2\/revisions\/4496"}],"wp:attachment":[{"href":"https:\/\/www.horizontcare.de\/index.php?rest_route=%2Fwp%2Fv2%2Fmedia&parent=2"}],"curies":[{"name":"wp","href":"https:\/\/api.w.org\/{rel}","templated":true}]}}