{"id":1822,"date":"2018-10-16T12:54:44","date_gmt":"2018-10-16T10:54:44","guid":{"rendered":"https:\/\/www.horizontcare.de\/?page_id=1822"},"modified":"2025-11-11T16:26:14","modified_gmt":"2025-11-11T15:26:14","slug":"kundenstimmen","status":"publish","type":"page","link":"https:\/\/www.horizontcare.de\/?page_id=1822","title":{"rendered":"Kundenstimmen"},"content":{"rendered":"\n<figure class=\"wp-block-image size-full has-custom-border\"><a href=\"https:\/\/www.horizontcare.de\/wp-content\/uploads\/2025\/11\/TZ9_4147_Presse_hfr_mit_Bildnachweis_Timon_Kronenberg.jpg\"><img loading=\"lazy\" decoding=\"async\" width=\"1000\" height=\"667\" src=\"https:\/\/www.horizontcare.de\/wp-content\/uploads\/2025\/11\/TZ9_4147_Presse_hfr_mit_Bildnachweis_Timon_Kronenberg.jpg\" alt=\"\" class=\"wp-image-4520\" style=\"border-radius:100px\" srcset=\"https:\/\/www.horizontcare.de\/wp-content\/uploads\/2025\/11\/TZ9_4147_Presse_hfr_mit_Bildnachweis_Timon_Kronenberg.jpg 1000w, https:\/\/www.horizontcare.de\/wp-content\/uploads\/2025\/11\/TZ9_4147_Presse_hfr_mit_Bildnachweis_Timon_Kronenberg-300x200.jpg 300w, https:\/\/www.horizontcare.de\/wp-content\/uploads\/2025\/11\/TZ9_4147_Presse_hfr_mit_Bildnachweis_Timon_Kronenberg-768x512.jpg 768w\" sizes=\"auto, (max-width: 1000px) 100vw, 1000px\" \/><\/a><\/figure>\n\n\n<p><strong>Die nachfolgenden Zitate von Patienten bzw. von deren Angeh\u00f6rigen stammen aus \u00f6ffentlich einsehbaren Rezensionen im Internet, aus pers\u00f6nlichen R\u00fcckmeldungen und aus anonymen Kundenbefragungen (2019, 2021 und 2025). Wir bedanken uns herzlich, auch im Namen des Teams, f\u00fcr dieses positive Feedback.<\/strong><\/p>\n<blockquote>\n<p><em>Ich bin sehr beeindruckt von ihren Mitarbeitern.<\/em><\/p>\n<p><em>Nach langer Suche endlich ein Pflegedienst, dem man wie einem lieben Familienmitglied die Sorge um den Angeh\u00f6rigen anvertraut.<\/em><\/p>\n<\/blockquote>\n<blockquote>\n<p><em>Die Mitarbeiter sind sehr h\u00f6flich. Man kann alles besprechen und f\u00fchlt sich gut aufgehoben. Top!<\/em><\/p>\n<\/blockquote>\n<blockquote>\n<p><em>Auf meine W\u00fcnsche wird immer eingegangen. Ich erfahre viel Anteilnahme und Mitgef\u00fchl.<\/em><\/p>\n<\/blockquote>\n<blockquote>\n<p><em>Sehr pers\u00f6nlich, freundlich und gewissenhaft. Man kann sich auf ALLE verlassen.<\/em><\/p>\n<\/blockquote>\n<blockquote>\n<p><em>Immer wenn ich Hilfe brauchte, habe ich sie bekommen.<\/em><\/p>\n<\/blockquote>\n<blockquote>\n<p><em>Die Pflege ist uneingeschr\u00e4nkt sehr gut.<\/em><\/p>\n<\/blockquote>\n<blockquote>\n<p><em>Meist f\u00e4ngt der Tag mit gut gelauntem Personal von HorizontCare an. Das tut gut.<\/em><\/p>\n<\/blockquote>\n<blockquote>\n<p><em>Liebevolle, individuelle Betreuung. Wir sind absolut zufrieden.<\/em><\/p>\n<\/blockquote>\n<blockquote>\n<p><em><span class=\"r-iYUb_257E5C8\" tabindex=\"0\">Was ist von einem Pflegedienst zu erwarten? Freundlichkeit, Hilfsbereitschaft, Flexibilit\u00e4t, Kompetenz, Zuverl\u00e4ssigkeit, P\u00fcnktlichkeit und viel Menschlichkeit mit pers\u00f6nlicher Ansprache ohne auf die Uhr zu schauen? All das habe ich bei der Palliativ-Betreuung meiner Mutter erfahren.<\/span><\/em><\/p>\n<\/blockquote>\n<blockquote>\n<p><em><span class=\"r-iRPfUCk_3H9M\"><span class=\"review-full-text\">Das Team von HorizontCare arbeitet hochprofessionell, kompetent und steht uns bei allen Fragen und N\u00f6ten zeitnah zur Seite. Besonders zeichnen sich alle Mitarbeiter*innen durch einen zugewandten, liebevollen und aufmerksamen Umgang mit den zu Betreuenden und deren Angeh\u00f6rigen aus.<\/span><\/span><\/em><\/p>\n<p><em>Nach Erfahrungen mit anderen Pflegediensten sch\u00e4tzen wir sehr, dass bei HorizontCare kein Zeitdruck vermittelt wird und wir tats\u00e4chlich ein fast famili\u00e4res Vertrauensverh\u00e4ltnis miteinander finden konnten, was bei der K\u00f6rperpflege eine enorme Erleichterung bedeutet.<\/em><\/p>\n<p><em>Der Besuch der freundlichen Mitarbeiter*innen ist jedesmal das Highlight des Tages. Sch\u00f6n, dass es in der Pflege noch m\u00f6glich ist solche Menschen zu finden.<\/em><\/p>\n<\/blockquote>\n<blockquote>\n<p><em><span class=\"r-iQMe_iOKfGU4\" tabindex=\"0\">Gut ausgebildete und zuverl\u00e4ssige Mitarbeiter. Alle absolut sympathisch sowie immer p\u00fcnktlich. Wir w\u00fcrden immer wieder diese Wahl treffen.<\/span><\/em><\/p>\n<\/blockquote>","protected":false},"excerpt":{"rendered":"<p>Die nachfolgenden Zitate von Patienten bzw. von deren Angeh\u00f6rigen stammen aus \u00f6ffentlich einsehbaren Rezensionen im Internet, aus pers\u00f6nlichen R\u00fcckmeldungen und aus anonymen Kundenbefragungen (2019, 2021 und 2025). Wir bedanken uns herzlich, auch im Namen des Teams, f\u00fcr dieses positive Feedback. Ich bin sehr beeindruckt von ihren Mitarbeitern. Nach langer Suche endlich ein Pflegedienst, dem man [&hellip;]<\/p>\n","protected":false},"author":2,"featured_media":0,"parent":1225,"menu_order":0,"comment_status":"closed","ping_status":"closed","template":"","meta":{"footnotes":""},"class_list":["post-1822","page","type-page","status-publish","hentry"],"_links":{"self":[{"href":"https:\/\/www.horizontcare.de\/index.php?rest_route=\/wp\/v2\/pages\/1822","targetHints":{"allow":["GET"]}}],"collection":[{"href":"https:\/\/www.horizontcare.de\/index.php?rest_route=\/wp\/v2\/pages"}],"about":[{"href":"https:\/\/www.horizontcare.de\/index.php?rest_route=\/wp\/v2\/types\/page"}],"author":[{"embeddable":true,"href":"https:\/\/www.horizontcare.de\/index.php?rest_route=\/wp\/v2\/users\/2"}],"replies":[{"embeddable":true,"href":"https:\/\/www.horizontcare.de\/index.php?rest_route=%2Fwp%2Fv2%2Fcomments&post=1822"}],"version-history":[{"count":22,"href":"https:\/\/www.horizontcare.de\/index.php?rest_route=\/wp\/v2\/pages\/1822\/revisions"}],"predecessor-version":[{"id":4521,"href":"https:\/\/www.horizontcare.de\/index.php?rest_route=\/wp\/v2\/pages\/1822\/revisions\/4521"}],"up":[{"embeddable":true,"href":"https:\/\/www.horizontcare.de\/index.php?rest_route=\/wp\/v2\/pages\/1225"}],"wp:attachment":[{"href":"https:\/\/www.horizontcare.de\/index.php?rest_route=%2Fwp%2Fv2%2Fmedia&parent=1822"}],"curies":[{"name":"wp","href":"https:\/\/api.w.org\/{rel}","templated":true}]}}