{"id":151,"date":"2013-02-05T20:06:47","date_gmt":"2013-02-05T20:06:47","guid":{"rendered":"https:\/\/www.horizontcare.de\/?page_id=151"},"modified":"2026-01-28T14:57:52","modified_gmt":"2026-01-28T13:57:52","slug":"jobs","status":"publish","type":"page","link":"https:\/\/www.horizontcare.de\/?page_id=151","title":{"rendered":"Jobs"},"content":{"rendered":"\n<figure class=\"wp-block-image size-full has-custom-border\"><a href=\"https:\/\/www.horizontcare.de\/wp-content\/uploads\/2024\/11\/TZ9_3052_Presse_hfr_mit_Bildnachweis_Timon_Kronenberg.jpg\"><img loading=\"lazy\" decoding=\"async\" width=\"1000\" height=\"667\" src=\"https:\/\/www.horizontcare.de\/wp-content\/uploads\/2024\/11\/TZ9_3052_Presse_hfr_mit_Bildnachweis_Timon_Kronenberg.jpg\" alt=\"\" class=\"wp-image-4509\" style=\"border-radius:100px\" srcset=\"https:\/\/www.horizontcare.de\/wp-content\/uploads\/2024\/11\/TZ9_3052_Presse_hfr_mit_Bildnachweis_Timon_Kronenberg.jpg 1000w, https:\/\/www.horizontcare.de\/wp-content\/uploads\/2024\/11\/TZ9_3052_Presse_hfr_mit_Bildnachweis_Timon_Kronenberg-300x200.jpg 300w, https:\/\/www.horizontcare.de\/wp-content\/uploads\/2024\/11\/TZ9_3052_Presse_hfr_mit_Bildnachweis_Timon_Kronenberg-768x512.jpg 768w\" sizes=\"auto, (max-width: 1000px) 100vw, 1000px\" \/><\/a><\/figure>\n\n\n<p><strong>Wir suchen Sie \u2013 famili\u00e4r umsorgt!<br \/><\/strong>M\u00f6chten Sie wieder zufriedener arbeiten? Der Medizinische Dienst bewertete HorizontCare <a href=\"https:\/\/www.horizontcare.de\/?p=4402\">zuletzt viermal in Folge mit &#8222;sehr gut&#8220; (1,0)<\/a>. Unsere 2025 anonym befragten Pflegekr\u00e4fte w\u00fcrden ihren Freunden und Bekannten HorizontCare ausnahmslos als Arbeitgeber <a href=\"https:\/\/www.horizontcare.de\/?p=4143\">weiterempfehlen (100% Ja-Stimmen)<\/a>. Auch die deutliche Mehrheit unserer pflegebed\u00fcrftigen Kunden ist <a href=\"https:\/\/www.horizontcare.de\/?p=3951\">laut der j\u00fcngsten Befragung (2025) sehr zufrieden<\/a>.\u00a0<\/p>\n<p><strong>Aktuell suchen wir f\u00fcr Ratzeburg, M\u00f6lln und Umgebung:<\/strong><\/p>\n<ul>\n<li><span style=\"color: #ff0000;\"><b>derzeit nur Initiativbewerbungen\u00a0<\/b><\/span><\/li>\n<\/ul>\n<p><strong>Telefonnummer bei R\u00fcckfragen: <a href=\"tel:045418953305\">(04541) 89 53 305<\/a>. Initiativbewerbungen<\/strong> sind jederzeit m\u00f6glich. Melden Sie sich gern <a href=\"https:\/\/www.horizontcare.de\/?page_id=32\">telefonisch oder per E-Mail<\/a> mit Ihrem Lebenslauf.<em><br \/><\/em><\/p>\n\n\n<figure class=\"wp-block-pullquote has-text-align-center has-medium-font-size\" style=\"font-style:normal;font-weight:200\"><blockquote><p><img loading=\"lazy\" decoding=\"async\" width=\"200\" height=\"201\" class=\"wp-image-3256\" style=\"width: 200px;\" src=\"https:\/\/www.horizontcare.de\/wp-content\/uploads\/2022\/06\/xDSC_8814_kro.png\" alt=\"\" srcset=\"https:\/\/www.horizontcare.de\/wp-content\/uploads\/2022\/06\/xDSC_8814_kro.png 200w, https:\/\/www.horizontcare.de\/wp-content\/uploads\/2022\/06\/xDSC_8814_kro-150x150.png 150w\" sizes=\"auto, (max-width: 200px) 100vw, 200px\" \/>Als Familienbetrieb mit flachen Hierarchien und schnellen Entscheidungen haben wir eine hohe Flexibilit\u00e4t, um die t\u00e4glichen Herausforderungen zu meistern. Eine gro\u00dfe St\u00e4rke ist die interne Kommunikation \u2013 ob digitales \u00dcbergabebuch, DSGVO-konforme Messenger, Video-Teamsitzungen mit Protokollen oder regelm\u00e4\u00dfige TeamNews.<\/p><cite>Timon Kronenberg<\/cite><\/blockquote><\/figure>\n","protected":false},"excerpt":{"rendered":"<p>Wir suchen Sie \u2013 famili\u00e4r umsorgt!M\u00f6chten Sie wieder zufriedener arbeiten? Der Medizinische Dienst bewertete HorizontCare zuletzt viermal in Folge mit &#8222;sehr gut&#8220; (1,0). Unsere 2025 anonym befragten Pflegekr\u00e4fte w\u00fcrden ihren Freunden und Bekannten HorizontCare ausnahmslos als Arbeitgeber weiterempfehlen (100% Ja-Stimmen). Auch die deutliche Mehrheit unserer pflegebed\u00fcrftigen Kunden ist laut der j\u00fcngsten Befragung (2025) sehr zufrieden.\u00a0 [&hellip;]<\/p>\n","protected":false},"author":2,"featured_media":0,"parent":0,"menu_order":0,"comment_status":"closed","ping_status":"closed","template":"","meta":{"footnotes":""},"class_list":["post-151","page","type-page","status-publish","hentry"],"_links":{"self":[{"href":"https:\/\/www.horizontcare.de\/index.php?rest_route=\/wp\/v2\/pages\/151","targetHints":{"allow":["GET"]}}],"collection":[{"href":"https:\/\/www.horizontcare.de\/index.php?rest_route=\/wp\/v2\/pages"}],"about":[{"href":"https:\/\/www.horizontcare.de\/index.php?rest_route=\/wp\/v2\/types\/page"}],"author":[{"embeddable":true,"href":"https:\/\/www.horizontcare.de\/index.php?rest_route=\/wp\/v2\/users\/2"}],"replies":[{"embeddable":true,"href":"https:\/\/www.horizontcare.de\/index.php?rest_route=%2Fwp%2Fv2%2Fcomments&post=151"}],"version-history":[{"count":300,"href":"https:\/\/www.horizontcare.de\/index.php?rest_route=\/wp\/v2\/pages\/151\/revisions"}],"predecessor-version":[{"id":4617,"href":"https:\/\/www.horizontcare.de\/index.php?rest_route=\/wp\/v2\/pages\/151\/revisions\/4617"}],"wp:attachment":[{"href":"https:\/\/www.horizontcare.de\/index.php?rest_route=%2Fwp%2Fv2%2Fmedia&parent=151"}],"curies":[{"name":"wp","href":"https:\/\/api.w.org\/{rel}","templated":true}]}}