{"id":1487,"date":"2018-04-09T23:33:48","date_gmt":"2018-04-09T21:33:48","guid":{"rendered":"https:\/\/www.horizontcare.de\/?page_id=1487"},"modified":"2025-09-22T09:51:21","modified_gmt":"2025-09-22T07:51:21","slug":"personenbezogene-daten-von-bewerbern","status":"publish","type":"page","link":"https:\/\/www.horizontcare.de\/?page_id=1487","title":{"rendered":"Umgang mit Daten von Bewerbern"},"content":{"rendered":"<p>Nach der Europ\u00e4ischen Datenschutz-Grundverordnung (DSGVO) sind wir verpflichtet, transparent und einfach dar\u00fcber zu informieren, was mit Ihren personenbezogenen Daten im Rahmen eines Bewerbungsverfahrens passiert.<\/p>\n<p>Wir bieten Ihnen die M\u00f6glichkeit, sich bei uns \u00fcber unseren Internetauftritt bewerben zu k\u00f6nnen. Bei diesen digitalen Bewerbungen werden Ihre Bewerber- und Bewerbungsdaten von uns zur Abwicklung des Bewerbungsverfahrens elektronisch erhoben und verarbeitet.<\/p>\n<p>Sofern nach dem Bewerbungsverfahren ein Arbeitsvertrag geschlossen wird, speichern wir Ihre bei der Bewerbung \u00fcbermittelten Daten in Ihrer Personalakte zum Zwecke des \u00fcblichen Organisations- und Verwaltungsprozesses \u2013 dies nat\u00fcrlich unter Beachtung der weitergehenden rechtlichen Verpflichtungen.<\/p>\n<p><strong>Zweck der Datenverarbeitung<\/strong><\/p>\n<ul>\n<li>ist die m\u00f6gliche Begr\u00fcndung und Ausgestaltung von Besch\u00e4ftigungsverh\u00e4ltnissen<\/li>\n<\/ul>\n<p><strong>Rechtsgrundlagen der Verarbeitung<\/strong><\/p>\n<ul>\n<li>zur Erf\u00fcllung eines Vertrages (oder vorvertraglicher Ma\u00dfnahmen) erforderlich (Art. 6 Abs. 1b DSGVO)<\/li>\n<li>f\u00fcr Zwecke der Einstellung (Art. 88 Abs. 1 DSVGO)<\/li>\n<li>f\u00fcr Zwecke des Besch\u00e4ftigungsverh\u00e4ltnisses, wenn dies f\u00fcr die Entscheidung \u00fcber dessen Begr\u00fcndung erforderlich ist (\u00a7 26 Abs. 1 BDSG 2018)<\/li>\n<\/ul>\n<p><strong>Kategorien der genutzten Daten<\/strong><\/p>\n<ul>\n<li>Name, Vorname(n)<\/li>\n<li>Adress- und Kontaktdaten (mit Telefon-\/Mobiltelefonnummer, E-Mail)<\/li>\n<li>Personenbezogene Daten, die Sie uns im Rahmen Ihrer Bewerbung freiwillig \u00fcbermittelt haben. Meist z\u00e4hlen dazu: Geburtsdatum\/-ort, Konfession, Familienstand, Lebenslauf mit Schul-, Aus- und Weiterbildung, bisherige Arbeitst\u00e4tigkeiten, -zeitr\u00e4ume sowie Arbeitgeber; besondere Qualifikationen<\/li>\n<li>weitere <strong>freiwillige<\/strong> Angaben wie Ehrenamt, Hobbys, Foto, Kinder<\/li>\n<li>Anlagen wie Schul-\/ Arbeitszeugnisse, Berufsurkunden, Fortbildungsnachweise<\/li>\n<li>ggf. E-Mail-Bestandsdaten (Name, E-Mail-Adresse, ggf. Headerdaten) und Inhaltsdaten (\u201eBody\u201c)<\/li>\n<li>ggf. Gehaltsvorstellungen und Umfang der gew\u00fcnschten Arbeitszeit<\/li>\n<li>ggf. Notizen aus einem m\u00f6glichen Vorstellungsgespr\u00e4ch<\/li>\n<\/ul>\n<p><strong>Kriterien f\u00fcr die Speicherdauer<br \/>\n<\/strong>Bei der Zur\u00fcckweisung einer Bewerbung l\u00f6schen wir die uns \u00fcbermittelten Daten automatisch zwei Monate nach der Bekanntgabe der Zur\u00fcckweisung. Die L\u00f6schung erfolgt jedoch nicht, wenn die Daten aufgrund gesetzlicher Bestimmungen, bspw. wegen der Beweispflichten nach dem AGG, eine l\u00e4ngere Speicherung von bis zu vier Monaten oder bis zum Abschluss eines gerichtlichen Verfahrens erfordern. Rechtsgrundlage ist in diesem Fall Art. 6 Abs. 1 lit. f) DSGVO und \u00a7 24 Abs. 1 Nr. 2 BDSG. Unser berechtigtes Interesse liegt in der Rechtsverteidigung bzw. -durchsetzung.<\/p>\n<p>Sofern Sie ausdr\u00fccklich in eine l\u00e4ngere Speicherung Ihrer Daten einwilligen, bspw. f\u00fcr Ihre Aufnahme in eine Bewerber- oder Interessentendatenbank, werden die Daten aufgrund Ihrer Einwilligung weiterverarbeitet. Rechtsgrundlage ist dann Art. 6 Abs. 1 lit. a) DSGVO. Ihre Einwilligung k\u00f6nnen Sie aber nat\u00fcrlich jederzeit nach Art. 7 Abs. 3 DSGVO durch Erkl\u00e4rung uns gegen\u00fcber mit Wirkung f\u00fcr die Zukunft widerrufen.<\/p>\n<p><strong>Kategorien von Empf\u00e4ngern<\/strong><br \/>\n<em>Interne Stellen<\/em>: Gesch\u00e4fts-\/Pflegedienstleitung, Personalverwaltung; Vorgesetzte mit Personalverantwortung<br \/>\n<em>Externe Stellen<\/em>: Auftragsverarbeiter (z.B. Cloud-\/E-Mail-Anbieter); sonstige Dritte zur Erf\u00fcllung der zuvor genannten Zwecke (z.B. Post zum Versand).<\/p>\n<p><strong>\u00dcbertragung der Daten in Drittstaaten<\/strong> (au\u00dferhalb der EU)<strong><br \/>\n<\/strong>Eine \u00dcbertragung in Drittstaaten erfolgt grunds\u00e4tzlich nicht und ist auch nicht geplant. Beim Versand von E-Mails ist technisch allerdings nicht auszuschlie\u00dfen, dass diese auch \u00fcber Drittstaaten geleitet werden.<\/p>\n<p><strong>Keine automatisierte Entscheidungsfindung<br \/>\n<\/strong>Es findet vonseiten HorizontCare kein Profiling statt. (Beim Profiling werden Daten automatisiert verarbeitet, um das Verhalten von Personen vorherzusagen und Entscheidungen dar\u00fcber zu treffen.)<\/p>\n<p><strong>Aufkl\u00e4rung \u00fcber Ihre Rechte<br \/>\n<\/strong>Wir verweisen an dieser Stelle auf <a href=\"https:\/\/www.horizontcare.de\/?page_id=529\">unsere Datenschutzerkl\u00e4rung<\/a>, die unter dem Punkt &#8222;Ihre Rechte&#8220; ausf\u00fchrlich dar\u00fcber informiert.<\/p>\n<p><strong>Verantwortlicher f\u00fcr die Datenverarbeitung<\/strong><br \/>\nHorizontCare \u00b7 Ambulante Gesundheits- und Krankenpflege Detlef R. Pohl (Inhaber) \u00b7 Alte Wache \u00b7 Am Markt 9 \u00b7 23909 Ratzeburg \u00b7 Telefax: (04541) 89 53 306 \u00b7 datenschutz@horizontcare.de \u00b7 <em>Datenschutzbeauftragter: <\/em>Eike Pohl<\/p>\n<p><strong>Hinweis zum Copyright<\/strong>: Mit Texten aus der <a href=\"https:\/\/www.ratgeberrecht.eu\/leistungen\/muster-datenschutzerklaerung.html\" target=\"_blank\" rel=\"noopener\">Muster-Datenschutzerkl\u00e4rung<\/a> der <a href=\"https:\/\/www.ratgeberrecht.eu\/\" target=\"_blank\" rel=\"noopener\">Anwaltskanzlei Wei\u00df &amp; Partner<\/a><\/p>\n","protected":false},"excerpt":{"rendered":"<p>Nach der Europ\u00e4ischen Datenschutz-Grundverordnung (DSGVO) sind wir verpflichtet, transparent und einfach dar\u00fcber zu informieren, was mit Ihren personenbezogenen Daten im Rahmen eines Bewerbungsverfahrens passiert. Wir bieten Ihnen die M\u00f6glichkeit, sich bei uns \u00fcber unseren Internetauftritt bewerben zu k\u00f6nnen. Bei diesen digitalen Bewerbungen werden Ihre Bewerber- und Bewerbungsdaten von uns zur Abwicklung des Bewerbungsverfahrens elektronisch erhoben [&hellip;]<\/p>\n","protected":false},"author":2,"featured_media":0,"parent":0,"menu_order":0,"comment_status":"closed","ping_status":"closed","template":"","meta":{"footnotes":""},"class_list":["post-1487","page","type-page","status-publish","hentry"],"_links":{"self":[{"href":"https:\/\/www.horizontcare.de\/index.php?rest_route=\/wp\/v2\/pages\/1487","targetHints":{"allow":["GET"]}}],"collection":[{"href":"https:\/\/www.horizontcare.de\/index.php?rest_route=\/wp\/v2\/pages"}],"about":[{"href":"https:\/\/www.horizontcare.de\/index.php?rest_route=\/wp\/v2\/types\/page"}],"author":[{"embeddable":true,"href":"https:\/\/www.horizontcare.de\/index.php?rest_route=\/wp\/v2\/users\/2"}],"replies":[{"embeddable":true,"href":"https:\/\/www.horizontcare.de\/index.php?rest_route=%2Fwp%2Fv2%2Fcomments&post=1487"}],"version-history":[{"count":35,"href":"https:\/\/www.horizontcare.de\/index.php?rest_route=\/wp\/v2\/pages\/1487\/revisions"}],"predecessor-version":[{"id":4436,"href":"https:\/\/www.horizontcare.de\/index.php?rest_route=\/wp\/v2\/pages\/1487\/revisions\/4436"}],"wp:attachment":[{"href":"https:\/\/www.horizontcare.de\/index.php?rest_route=%2Fwp%2Fv2%2Fmedia&parent=1487"}],"curies":[{"name":"wp","href":"https:\/\/api.w.org\/{rel}","templated":true}]}}