{"id":14,"date":"2012-03-02T20:27:05","date_gmt":"2012-03-02T20:27:05","guid":{"rendered":"http:\/\/s384029109.online.de\/?page_id=14"},"modified":"2025-11-11T16:27:35","modified_gmt":"2025-11-11T15:27:35","slug":"krankenversicherung","status":"publish","type":"page","link":"https:\/\/www.horizontcare.de\/?page_id=14","title":{"rendered":"Kassenleistungen"},"content":{"rendered":"\n<figure class=\"wp-block-image size-full has-custom-border\"><a href=\"https:\/\/www.horizontcare.de\/wp-content\/uploads\/2025\/11\/TZ9_2896_Presse_hfr_mit_Bildnachweis_Timon_Kronenberg-1.jpg\"><img loading=\"lazy\" decoding=\"async\" width=\"1000\" height=\"667\" src=\"https:\/\/www.horizontcare.de\/wp-content\/uploads\/2025\/11\/TZ9_2896_Presse_hfr_mit_Bildnachweis_Timon_Kronenberg-1.jpg\" alt=\"\" class=\"wp-image-4524\" style=\"border-radius:100px\" srcset=\"https:\/\/www.horizontcare.de\/wp-content\/uploads\/2025\/11\/TZ9_2896_Presse_hfr_mit_Bildnachweis_Timon_Kronenberg-1.jpg 1000w, https:\/\/www.horizontcare.de\/wp-content\/uploads\/2025\/11\/TZ9_2896_Presse_hfr_mit_Bildnachweis_Timon_Kronenberg-1-300x200.jpg 300w, https:\/\/www.horizontcare.de\/wp-content\/uploads\/2025\/11\/TZ9_2896_Presse_hfr_mit_Bildnachweis_Timon_Kronenberg-1-768x512.jpg 768w\" sizes=\"auto, (max-width: 1000px) 100vw, 1000px\" \/><\/a><\/figure>\n\n\n<p><strong>Pflegekasse (SGB XI)<\/strong><br \/>Aus dem <a href=\"https:\/\/www.horizontcare.de\/?page_id=825\">Bereich der Pflegeversicherung<\/a> nach SGB XI bieten wir u.a. Unterst\u00fctzung bei der K\u00f6rperpflege und Mobilisation, beim An- und Auskleiden, Hilfe bei der Nahrungsaufnahme, h\u00e4usliche Betreuung, hauswirtschaftliche Versorgung sowie Beratung und Anleitung Pflegebed\u00fcrftiger und Angeh\u00f6riger. Bitte beachten Sie, dass mit Wirkung zum 01.09.2019 die <a href=\"https:\/\/www.horizontcare.de\/?p=2234\">Leistungskomplexe in Schleswig-Holstein reformiert wurden<\/a>.<\/p>\n<p><strong>Krankenkasse (SGB V)<\/strong><br \/>Leistungen der Krankenversicherung nach SGB V umfassen z.B. die Versorgung von Wunden, Vitalzeichenkontrolle, das An- und Ausziehen von Kompressionsstr\u00fcmpfen, Diabetes\u00fcberwachung, Verabreichung von Medikamenten, Injektionen und Infusionen sowie Katheterisieren und Katheterpflege. Diese Leistungen sind von denen der Pflegeversicherung <a href=\"https:\/\/www.horizontcare.de\/?page_id=820\">abzugrenzen<\/a>.<\/p>\n\n\n<p>Patienten werden zunehmend bereits in der Fr\u00fchphase der Behandlung aus den Kliniken nach Hause entlassen. Mit unserem examinierten Team stellen wir uns dieser Herausforderung der speziellen medizinisch-pflegerischen Versorgung. So fangen wir Sie sicher in der Palliativpflege und onkologischen Pflege, bei der Portversorgung, parenteralen Ern\u00e4hrung, Stomaversorgung und beim&nbsp;Wundmanagement auf.<\/p>\n","protected":false},"excerpt":{"rendered":"<p>Pflegekasse (SGB XI)Aus dem Bereich der Pflegeversicherung nach SGB XI bieten wir u.a. Unterst\u00fctzung bei der K\u00f6rperpflege und Mobilisation, beim An- und Auskleiden, Hilfe bei der Nahrungsaufnahme, h\u00e4usliche Betreuung, hauswirtschaftliche Versorgung sowie Beratung und Anleitung Pflegebed\u00fcrftiger und Angeh\u00f6riger. Bitte beachten Sie, dass mit Wirkung zum 01.09.2019 die Leistungskomplexe in Schleswig-Holstein reformiert wurden. Krankenkasse (SGB V)Leistungen [&hellip;]<\/p>\n","protected":false},"author":2,"featured_media":0,"parent":0,"menu_order":0,"comment_status":"closed","ping_status":"closed","template":"","meta":{"footnotes":""},"class_list":["post-14","page","type-page","status-publish","hentry"],"_links":{"self":[{"href":"https:\/\/www.horizontcare.de\/index.php?rest_route=\/wp\/v2\/pages\/14","targetHints":{"allow":["GET"]}}],"collection":[{"href":"https:\/\/www.horizontcare.de\/index.php?rest_route=\/wp\/v2\/pages"}],"about":[{"href":"https:\/\/www.horizontcare.de\/index.php?rest_route=\/wp\/v2\/types\/page"}],"author":[{"embeddable":true,"href":"https:\/\/www.horizontcare.de\/index.php?rest_route=\/wp\/v2\/users\/2"}],"replies":[{"embeddable":true,"href":"https:\/\/www.horizontcare.de\/index.php?rest_route=%2Fwp%2Fv2%2Fcomments&post=14"}],"version-history":[{"count":30,"href":"https:\/\/www.horizontcare.de\/index.php?rest_route=\/wp\/v2\/pages\/14\/revisions"}],"predecessor-version":[{"id":4525,"href":"https:\/\/www.horizontcare.de\/index.php?rest_route=\/wp\/v2\/pages\/14\/revisions\/4525"}],"wp:attachment":[{"href":"https:\/\/www.horizontcare.de\/index.php?rest_route=%2Fwp%2Fv2%2Fmedia&parent=14"}],"curies":[{"name":"wp","href":"https:\/\/api.w.org\/{rel}","templated":true}]}}