{"id":1333,"date":"2017-11-23T10:47:36","date_gmt":"2017-11-23T09:47:36","guid":{"rendered":"https:\/\/www.horizontcare.de\/?page_id=1333"},"modified":"2025-11-12T13:10:54","modified_gmt":"2025-11-12T12:10:54","slug":"selbstverstaendnis","status":"publish","type":"page","link":"https:\/\/www.horizontcare.de\/?page_id=1333","title":{"rendered":"Unser Selbstverst\u00e4ndnis"},"content":{"rendered":"\n<figure class=\"wp-block-image size-full has-custom-border\"><a href=\"https:\/\/www.horizontcare.de\/wp-content\/uploads\/2025\/11\/TZ9_3083_Presse_hfr_mit_Bildnachweis_Timon_Kronenberg-1.jpg\"><img loading=\"lazy\" decoding=\"async\" width=\"1000\" height=\"667\" src=\"https:\/\/www.horizontcare.de\/wp-content\/uploads\/2025\/11\/TZ9_3083_Presse_hfr_mit_Bildnachweis_Timon_Kronenberg-1.jpg\" alt=\"\" class=\"wp-image-4557\" style=\"border-radius:100px\" srcset=\"https:\/\/www.horizontcare.de\/wp-content\/uploads\/2025\/11\/TZ9_3083_Presse_hfr_mit_Bildnachweis_Timon_Kronenberg-1.jpg 1000w, https:\/\/www.horizontcare.de\/wp-content\/uploads\/2025\/11\/TZ9_3083_Presse_hfr_mit_Bildnachweis_Timon_Kronenberg-1-300x200.jpg 300w, https:\/\/www.horizontcare.de\/wp-content\/uploads\/2025\/11\/TZ9_3083_Presse_hfr_mit_Bildnachweis_Timon_Kronenberg-1-768x512.jpg 768w\" sizes=\"auto, (max-width: 1000px) 100vw, 1000px\" \/><\/a><\/figure>\n\n\n<p><strong><em>Unternehmen<\/em><\/strong><\/p>\n<ol>\n<li>Wir sind ein \u00fcberkonfessioneller, parteipolitisch unabh\u00e4ngiger Familienbetrieb.<\/li>\n<li>Wir sorgen f\u00fcr eine Vereinbarkeit von Beruf und Familie.<\/li>\n<li>Wir begreifen Vielfalt als St\u00e4rke f\u00fcr das Unternehmen (u.a. Alter, Geschlecht, Herkunft, Orientierung, Religion).<\/li>\n<li>Wir wollen qualifizierte Mitarbeitende finden, an uns binden und ihre Kompetenzen weiterentwickeln.<\/li>\n<li>Wir sind davon \u00fcberzeugt, dass wir durch (sinnvolle) <a href=\"https:\/\/www.horizontcare.de\/?page_id=72\">Kooperationen<\/a> mehr erreichen.<\/li>\n<li>Wir sind offen f\u00fcr Innovationen und Prozessverbesserungen, die uns voranbringen.<\/li>\n<li>Wir betrachten die interne und externe Kommunikation als unsere Chance.<\/li>\n<\/ol>\n<p><strong><em>Kunden<\/em><\/strong><\/p>\n<ol>\n<li>Wir reagieren schnell, hilfsbereit und verbindlich.<\/li>\n<li>Wir bauen professionelle N\u00e4he und eine pers\u00f6nliche Vertrauensbeziehung auf (\u201efamili\u00e4r umsorgt\u201c).<\/li>\n<li>Wir hinterlassen zu jeder Zeit einen positiven Eindruck, damit sich unsere gute Arbeit herumspricht.<\/li>\n<li>Wir stellen die Kundenbed\u00fcrfnisse in den Mittelpunkt \u2013 und wir \u00fcbertreffen die Erwartungen.<\/li>\n<li>Wir arbeiten diskret (Fahrzeuge) und verschwiegen (Datenschutz).<\/li>\n<li>Wir sprechen als Unternehmen gegen\u00fcber dem Kunden mit einer Stimme.<\/li>\n<li>Wir reden beim Kunden nicht schlecht \u00fcber das Unternehmen oder Kollegen (\u201eKritik bleibt intern\u201c).<\/li>\n<\/ol>\n<p><strong><em>Pflege \/ Betreuung \/ Hauswirtschaft <\/em><\/strong><\/p>\n<ol>\n<li>Wir leisten unsere Arbeit auf spitzenm\u00e4\u00dfigem Qualit\u00e4tsniveau.<\/li>\n<li>Wir wirken <em>alle<\/em> an der Sicherung und Entwicklung der (Pflege-)Qualit\u00e4t mit.<\/li>\n<li>Wir ermuntern unsere Kunden zur Selbstst\u00e4ndigkeit und bevormunden sie nicht.<\/li>\n<li>Wir wahren die Privatsph\u00e4re der Kunden.<\/li>\n<li>Wir begreifen Fehler als Lernchance f\u00fcr das Team.<\/li>\n<li>Wir dokumentieren korrekt die abrechnungsf\u00e4higen Leistungen.<\/li>\n<li>Wir entwickeln ein Verst\u00e4ndnis f\u00fcr betriebswirtschaftliche Zusammenh\u00e4nge.<\/li>\n<\/ol>\n<p><strong><em>Team \/ F\u00fchrung<\/em><\/strong><\/p>\n<ol>\n<li>Wir verstehen uns als ein starkes Team, das sich gegenseitig unterst\u00fctzt.<\/li>\n<li>Wir arbeiten verantwortungsbewusst, selbstst\u00e4ndig \u201egemeinsam alleine\u201c f\u00fcr ein \u00fcbergeordnetes Ziel.<\/li>\n<li>Wir setzen auf Wertsch\u00e4tzung und Freundlichkeit zwischen F\u00fchrungs- und Pflegekr\u00e4ften und untereinander.<\/li>\n<li>Wir beherzigen<\/li>\n<\/ol>\n<ul>\n<li>die \u201eGrunds\u00e4tze wirksamer F\u00fchrung\u201c nach Malik (d.h. Ergebnisorientierung, Beitrag zum Ganzen, Fokussierung, St\u00e4rken nutzen, Vertrauen schaffen und positiv denken) sowie<\/li>\n<li>die \u201eAufgaben wirksamer F\u00fchrung\u201c nach Malik (d.h. f\u00fcr Ziele sorgen, organisieren, entscheiden, kontrollieren sowie Menschen entwickeln und f\u00f6rdern).<\/li>\n<\/ul>\n<ol start=\"5\">\n<li>Wir achten darauf, dass nicht negativ \u00fcber Dritte gesprochen wird (\u201erote Karte\u201c).<\/li>\n<li>Wir geben uns regelm\u00e4\u00dfig Feedback. Wir kritisieren sachlich und konstruktiv das Verhalten, nicht Personen.<\/li>\n<li>Wir informieren Mitarbeitende sehr gut, sorgen f\u00fcr gute Abstimmungen und vermitteln unsere Entscheidungen (\u201eKultur des Dialogs und der offenen T\u00fcren\u201c).<\/li>\n<\/ol>\n<p>\u00a9 2017\u20132025 HorizontCare.de<\/p>","protected":false},"excerpt":{"rendered":"<p>Unternehmen Wir sind ein \u00fcberkonfessioneller, parteipolitisch unabh\u00e4ngiger Familienbetrieb. Wir sorgen f\u00fcr eine Vereinbarkeit von Beruf und Familie. Wir begreifen Vielfalt als St\u00e4rke f\u00fcr das Unternehmen (u.a. Alter, Geschlecht, Herkunft, Orientierung, Religion). Wir wollen qualifizierte Mitarbeitende finden, an uns binden und ihre Kompetenzen weiterentwickeln. Wir sind davon \u00fcberzeugt, dass wir durch (sinnvolle) Kooperationen mehr erreichen. Wir [&hellip;]<\/p>\n","protected":false},"author":2,"featured_media":0,"parent":0,"menu_order":0,"comment_status":"closed","ping_status":"closed","template":"","meta":{"footnotes":""},"class_list":["post-1333","page","type-page","status-publish","hentry"],"_links":{"self":[{"href":"https:\/\/www.horizontcare.de\/index.php?rest_route=\/wp\/v2\/pages\/1333","targetHints":{"allow":["GET"]}}],"collection":[{"href":"https:\/\/www.horizontcare.de\/index.php?rest_route=\/wp\/v2\/pages"}],"about":[{"href":"https:\/\/www.horizontcare.de\/index.php?rest_route=\/wp\/v2\/types\/page"}],"author":[{"embeddable":true,"href":"https:\/\/www.horizontcare.de\/index.php?rest_route=\/wp\/v2\/users\/2"}],"replies":[{"embeddable":true,"href":"https:\/\/www.horizontcare.de\/index.php?rest_route=%2Fwp%2Fv2%2Fcomments&post=1333"}],"version-history":[{"count":18,"href":"https:\/\/www.horizontcare.de\/index.php?rest_route=\/wp\/v2\/pages\/1333\/revisions"}],"predecessor-version":[{"id":4558,"href":"https:\/\/www.horizontcare.de\/index.php?rest_route=\/wp\/v2\/pages\/1333\/revisions\/4558"}],"wp:attachment":[{"href":"https:\/\/www.horizontcare.de\/index.php?rest_route=%2Fwp%2Fv2%2Fmedia&parent=1333"}],"curies":[{"name":"wp","href":"https:\/\/api.w.org\/{rel}","templated":true}]}}