{"id":1209,"date":"2017-09-12T07:21:45","date_gmt":"2017-09-12T07:21:45","guid":{"rendered":"https:\/\/www.horizontcare.de\/?page_id=1209"},"modified":"2025-11-11T16:24:44","modified_gmt":"2025-11-11T15:24:44","slug":"vorteile","status":"publish","type":"page","link":"https:\/\/www.horizontcare.de\/?page_id=1209","title":{"rendered":"Vorteile"},"content":{"rendered":"\n<figure class=\"wp-block-image size-full has-custom-border\"><a href=\"https:\/\/www.horizontcare.de\/wp-content\/uploads\/2025\/11\/TZ9_3728_Presse_hfr_mit_Bildnachweis_Timon_Kronenberg.jpg\"><img loading=\"lazy\" decoding=\"async\" width=\"1000\" height=\"667\" src=\"https:\/\/www.horizontcare.de\/wp-content\/uploads\/2025\/11\/TZ9_3728_Presse_hfr_mit_Bildnachweis_Timon_Kronenberg.jpg\" alt=\"\" class=\"wp-image-4516\" style=\"border-radius:100px\" srcset=\"https:\/\/www.horizontcare.de\/wp-content\/uploads\/2025\/11\/TZ9_3728_Presse_hfr_mit_Bildnachweis_Timon_Kronenberg.jpg 1000w, https:\/\/www.horizontcare.de\/wp-content\/uploads\/2025\/11\/TZ9_3728_Presse_hfr_mit_Bildnachweis_Timon_Kronenberg-300x200.jpg 300w, https:\/\/www.horizontcare.de\/wp-content\/uploads\/2025\/11\/TZ9_3728_Presse_hfr_mit_Bildnachweis_Timon_Kronenberg-768x512.jpg 768w\" sizes=\"auto, (max-width: 1000px) 100vw, 1000px\" \/><\/a><\/figure>\n\n\n<ol>\n<li>Familienunternehmen mit hoher Identifikation<\/li>\n<li><a href=\"https:\/\/www.horizontcare.de\/?page_id=790\">diskreter<\/a> Auftritt \u2013 werbefreie Dienstautos<\/li>\n<li>freundliches, engagiertes <a href=\"https:\/\/www.horizontcare.de\/?page_id=166\">Team<\/a>\u00a0\u2013 belegt durch <a href=\"https:\/\/www.horizontcare.de\/?p=3951\">Kundenbefragung<\/a><\/li>\n<li>zufriedene Mitarbeiter:innen \u2013 belegt durch <a href=\"https:\/\/www.horizontcare.de\/?p=4143\">anonyme Umfrage<\/a><\/li>\n<li><a href=\"https:\/\/www.horizontcare.de\/?p=4402\">Gesamtnote &#8222;sehr gut&#8220; (1,0)<\/a> bei der MD-Qualit\u00e4tspr\u00fcfung<\/li>\n<li>Individualit\u00e4t und Flexibilit\u00e4t in der Pflege<\/li>\n<li>Zuordnung von Bezugspflegekr\u00e4ften<\/li>\n<li>Notdienst f\u00fcr Kunden 24h <a href=\"https:\/\/www.horizontcare.de\/?page_id=32\">telefonisch erreichbar<\/a> (auch Hausnotruf m\u00f6glich)<\/li>\n<li><a href=\"https:\/\/www.horizontcare.de\/?page_id=72\">Kooperation<\/a> mit \u00c4rzten \/ Apotheken<\/li>\n<li>unverbindliches Erstgespr\u00e4ch bei Ihnen vor Ort<\/li>\n<li>Begleitung bei Pflegegrad-Begutachtung<\/li>\n<\/ol>","protected":false},"excerpt":{"rendered":"<p>Familienunternehmen mit hoher Identifikation diskreter Auftritt \u2013 werbefreie Dienstautos freundliches, engagiertes Team\u00a0\u2013 belegt durch Kundenbefragung zufriedene Mitarbeiter:innen \u2013 belegt durch anonyme Umfrage Gesamtnote &#8222;sehr gut&#8220; (1,0) bei der MD-Qualit\u00e4tspr\u00fcfung Individualit\u00e4t und Flexibilit\u00e4t in der Pflege Zuordnung von Bezugspflegekr\u00e4ften Notdienst f\u00fcr Kunden 24h telefonisch erreichbar (auch Hausnotruf m\u00f6glich) Kooperation mit \u00c4rzten \/ Apotheken unverbindliches Erstgespr\u00e4ch bei [&hellip;]<\/p>\n","protected":false},"author":2,"featured_media":0,"parent":0,"menu_order":0,"comment_status":"closed","ping_status":"closed","template":"","meta":{"footnotes":""},"class_list":["post-1209","page","type-page","status-publish","hentry"],"_links":{"self":[{"href":"https:\/\/www.horizontcare.de\/index.php?rest_route=\/wp\/v2\/pages\/1209","targetHints":{"allow":["GET"]}}],"collection":[{"href":"https:\/\/www.horizontcare.de\/index.php?rest_route=\/wp\/v2\/pages"}],"about":[{"href":"https:\/\/www.horizontcare.de\/index.php?rest_route=\/wp\/v2\/types\/page"}],"author":[{"embeddable":true,"href":"https:\/\/www.horizontcare.de\/index.php?rest_route=\/wp\/v2\/users\/2"}],"replies":[{"embeddable":true,"href":"https:\/\/www.horizontcare.de\/index.php?rest_route=%2Fwp%2Fv2%2Fcomments&post=1209"}],"version-history":[{"count":34,"href":"https:\/\/www.horizontcare.de\/index.php?rest_route=\/wp\/v2\/pages\/1209\/revisions"}],"predecessor-version":[{"id":4517,"href":"https:\/\/www.horizontcare.de\/index.php?rest_route=\/wp\/v2\/pages\/1209\/revisions\/4517"}],"wp:attachment":[{"href":"https:\/\/www.horizontcare.de\/index.php?rest_route=%2Fwp%2Fv2%2Fmedia&parent=1209"}],"curies":[{"name":"wp","href":"https:\/\/api.w.org\/{rel}","templated":true}]}}